{"id":706,"date":"2022-06-20T10:05:33","date_gmt":"2022-06-20T08:05:33","guid":{"rendered":"https:\/\/marangal.com\/swim-pants\/"},"modified":"2024-08-23T16:21:15","modified_gmt":"2024-08-23T14:21:15","slug":"swim-pants","status":"publish","type":"page","link":"https:\/\/marangal.com\/en\/swim-pants\/","title":{"rendered":"men"},"content":{"rendered":"<div id='av_section_1'  class='avia-section av-11zuki-fb53b5d32678652543e0a332cdb752de main_color avia-section-default avia-no-border-styling  avia-builder-el-0  el_before_av_textblock  avia-builder-el-first  avia-bg-style-scroll container_wrap sidebar_right'  ><div class='container av-section-cont-open' ><main  role=\"main\" itemprop=\"mainContentOfPage\"  class='template-page content  av-content-small alpha units'><div class='post-entry post-entry-type-page post-entry-706'><div class='entry-content-wrapper clearfix'>\n<div class='flex_column av-raa62-d6f9080376b725b2ae68bcfee424025c av_one_half  avia-builder-el-1  el_before_av_one_half  avia-builder-el-first  first flex_column_div '   ><p>\n<style type=\"text\/css\" data-created_by=\"avia_inline_auto\" id=\"style-css-av-l4mkjv3o-c5c2dbfd9d451deeee2f8e4153ed9aeb\">\n.avia-image-container.av-l4mkjv3o-c5c2dbfd9d451deeee2f8e4153ed9aeb .av-image-caption-overlay-center{\ncolor:#ffffff;\n}\n<\/style>\n<div  class='avia-image-container av-l4mkjv3o-c5c2dbfd9d451deeee2f8e4153ed9aeb av-styling- avia-align-center  avia-builder-el-2  el_before_av_hr  avia-builder-el-first '  itemprop=\"image\" itemscope=\"itemscope\" itemtype=\"https:\/\/schema.org\/ImageObject\" ><div class=\"avia-image-container-inner\"><div class=\"avia-image-overlay-wrap\"><a href=\"https:\/\/marangal.com\/en\/brief-and-trunk\/\" class='avia_image' ><img decoding=\"async\" class='wp-image-2160 avia-img-lazy-loading-not-2160 avia_image' src=\"https:\/\/marangal.com\/wp-content\/uploads\/2024\/06\/szaras-fecske-elovalaszto-kep-e1719317665597.jpg\" alt='F\u00e9rfi sz\u00e1ras \u00fasz\u00f3als\u00f3' title='szaras-fecske-elovalaszto-kep-e1719317665597'  height=\"813\" width=\"813\"  itemprop=\"thumbnailUrl\" srcset=\"https:\/\/marangal.com\/wp-content\/uploads\/2024\/06\/szaras-fecske-elovalaszto-kep-e1719317665597.jpg 813w, https:\/\/marangal.com\/wp-content\/uploads\/2024\/06\/szaras-fecske-elovalaszto-kep-e1719317665597-300x300.jpg 300w, https:\/\/marangal.com\/wp-content\/uploads\/2024\/06\/szaras-fecske-elovalaszto-kep-e1719317665597-100x100.jpg 100w, https:\/\/marangal.com\/wp-content\/uploads\/2024\/06\/szaras-fecske-elovalaszto-kep-e1719317665597-80x80.jpg 80w, https:\/\/marangal.com\/wp-content\/uploads\/2024\/06\/szaras-fecske-elovalaszto-kep-e1719317665597-768x768.jpg 768w, https:\/\/marangal.com\/wp-content\/uploads\/2024\/06\/szaras-fecske-elovalaszto-kep-e1719317665597-36x36.jpg 36w, https:\/\/marangal.com\/wp-content\/uploads\/2024\/06\/szaras-fecske-elovalaszto-kep-e1719317665597-180x180.jpg 180w, https:\/\/marangal.com\/wp-content\/uploads\/2024\/06\/szaras-fecske-elovalaszto-kep-e1719317665597-705x705.jpg 705w, https:\/\/marangal.com\/wp-content\/uploads\/2024\/06\/szaras-fecske-elovalaszto-kep-e1719317665597-120x120.jpg 120w, https:\/\/marangal.com\/wp-content\/uploads\/2024\/06\/szaras-fecske-elovalaszto-kep-e1719317665597-450x450.jpg 450w\" sizes=\"(max-width: 813px) 100vw, 813px\" \/><\/a><\/div><\/div><\/div><br \/>\n\n<style type=\"text\/css\" data-created_by=\"avia_inline_auto\" id=\"style-css-av-l4pczu93-239ff5236bb326a589e23f2011ce11ba\">\n#top .hr.hr-invisible.av-l4pczu93-239ff5236bb326a589e23f2011ce11ba{\nheight:25px;\n}\n<\/style>\n<div  class='hr av-l4pczu93-239ff5236bb326a589e23f2011ce11ba hr-invisible  avia-builder-el-3  el_after_av_image  el_before_av_button '><span class='hr-inner '><span class=\"hr-inner-style\"><\/span><\/span><\/div><br \/>\n<div  class='avia-button-wrap avia-button-center  avia-builder-el-4  el_after_av_hr  el_before_av_hr ' >\n<style type=\"text\/css\" data-created_by=\"avia_inline_auto\" id=\"style-css-av-l4mknp2g-b1acc73dd106b57e59dfc368dd77c85a\">\n#top #wrap_all .avia-button.av-l4mknp2g-b1acc73dd106b57e59dfc368dd77c85a{\nbackground-color:#ffffff;\nborder-color:#d73b00;\ncolor:#d73b00;\nborder-style:solid;\nborder-width:1px 1px 1px 1px;\ntransition:all 0.4s ease-in-out;\n-webkit-transition:all 0.4s ease-in-out;\n-moz-transition:all 0.4s ease-in-out;\n-ms-transition:all 0.4s ease-in-out;\n-o-transition:all 0.4s ease-in-out;\n}\n#top #wrap_all .avia-button.av-l4mknp2g-b1acc73dd106b57e59dfc368dd77c85a:hover{\ncolor:white;\ntransition:all 0.4s ease-in-out;\n-webkit-transition:all 0.4s ease-in-out;\n-moz-transition:all 0.4s ease-in-out;\n-ms-transition:all 0.4s ease-in-out;\n-o-transition:all 0.4s ease-in-out;\n}\n<\/style>\n<a href='https:\/\/marangal.com\/en\/brief-and-trunk\/'  class='avia-button av-l4mknp2g-b1acc73dd106b57e59dfc368dd77c85a avia-icon_select-no avia-size-large avia-position-center' ><span class='avia_iconbox_title' >BRIEF AND TRUNK<\/span><span class='avia_button_background avia-button avia-color-theme-color-highlight' ><\/span><\/a><\/div><br \/>\n\n<style type=\"text\/css\" data-created_by=\"avia_inline_auto\" id=\"style-css-av-l4pdcfqu-bdb460f92a88b524ae2e9c3f4779665a\">\n#top .hr.hr-invisible.av-l4pdcfqu-bdb460f92a88b524ae2e9c3f4779665a{\nheight:35px;\n}\n<\/style>\n<div  class='hr av-l4pdcfqu-bdb460f92a88b524ae2e9c3f4779665a hr-invisible  avia-builder-el-5  el_after_av_button  avia-builder-el-last '><span class='hr-inner '><span class=\"hr-inner-style\"><\/span><\/span><\/div><\/p><\/div><div class='flex_column av-jmbr6-234d1a9091d8fd9d8a93f2f0cf03619e av_one_half  avia-builder-el-6  el_after_av_one_half  avia-builder-el-last  flex_column_div '   ><p>\n<style type=\"text\/css\" data-created_by=\"avia_inline_auto\" id=\"style-css-av-de1oi-1e8b10f3d98e0bad7926dbd4bfee0c1e\">\n.avia-image-container.av-de1oi-1e8b10f3d98e0bad7926dbd4bfee0c1e .av-image-caption-overlay-center{\ncolor:#ffffff;\n}\n<\/style>\n<div  class='avia-image-container av-de1oi-1e8b10f3d98e0bad7926dbd4bfee0c1e av-styling- avia-align-center  avia-builder-el-7  el_before_av_hr  avia-builder-el-first '  itemprop=\"image\" itemscope=\"itemscope\" itemtype=\"https:\/\/schema.org\/ImageObject\" ><div class=\"avia-image-container-inner\"><div class=\"avia-image-overlay-wrap\"><a href=\"https:\/\/marangal.com\/en\/swim-short-2\/\" class='avia_image' ><img decoding=\"async\" class='wp-image-2157 avia-img-lazy-loading-not-2157 avia_image' src=\"https:\/\/marangal.com\/wp-content\/uploads\/2024\/06\/RACE-V-DSC01436-1-scaled.jpg\" alt='F\u00e9rfi f\u00fcrd\u0151nadr\u00e1g' title='RACE V DSC01436'  height=\"2560\" width=\"2560\"  itemprop=\"thumbnailUrl\" srcset=\"https:\/\/marangal.com\/wp-content\/uploads\/2024\/06\/RACE-V-DSC01436-1-scaled.jpg 2560w, https:\/\/marangal.com\/wp-content\/uploads\/2024\/06\/RACE-V-DSC01436-1-300x300.jpg 300w, https:\/\/marangal.com\/wp-content\/uploads\/2024\/06\/RACE-V-DSC01436-1-scaled-100x100.jpg 100w, https:\/\/marangal.com\/wp-content\/uploads\/2024\/06\/RACE-V-DSC01436-1-1030x1030.jpg 1030w, https:\/\/marangal.com\/wp-content\/uploads\/2024\/06\/RACE-V-DSC01436-1-80x80.jpg 80w, https:\/\/marangal.com\/wp-content\/uploads\/2024\/06\/RACE-V-DSC01436-1-768x768.jpg 768w, https:\/\/marangal.com\/wp-content\/uploads\/2024\/06\/RACE-V-DSC01436-1-1536x1536.jpg 1536w, https:\/\/marangal.com\/wp-content\/uploads\/2024\/06\/RACE-V-DSC01436-1-2048x2048.jpg 2048w, https:\/\/marangal.com\/wp-content\/uploads\/2024\/06\/RACE-V-DSC01436-1-36x36.jpg 36w, https:\/\/marangal.com\/wp-content\/uploads\/2024\/06\/RACE-V-DSC01436-1-180x180.jpg 180w, https:\/\/marangal.com\/wp-content\/uploads\/2024\/06\/RACE-V-DSC01436-1-1500x1500.jpg 1500w, https:\/\/marangal.com\/wp-content\/uploads\/2024\/06\/RACE-V-DSC01436-1-705x705.jpg 705w, https:\/\/marangal.com\/wp-content\/uploads\/2024\/06\/RACE-V-DSC01436-1-120x120.jpg 120w, https:\/\/marangal.com\/wp-content\/uploads\/2024\/06\/RACE-V-DSC01436-1-450x450.jpg 450w\" sizes=\"(max-width: 2560px) 100vw, 2560px\" \/><\/a><\/div><\/div><\/div><br \/>\n\n<style type=\"text\/css\" data-created_by=\"avia_inline_auto\" id=\"style-css-av-79uze-dcfb79947a430f5a0870112bc8c55629\">\n#top .hr.hr-invisible.av-79uze-dcfb79947a430f5a0870112bc8c55629{\nheight:25px;\n}\n<\/style>\n<div  class='hr av-79uze-dcfb79947a430f5a0870112bc8c55629 hr-invisible  avia-builder-el-8  el_after_av_image  el_before_av_button '><span class='hr-inner '><span class=\"hr-inner-style\"><\/span><\/span><\/div><br \/>\n<div  class='avia-button-wrap avia-button-center  avia-builder-el-9  el_after_av_hr  el_before_av_hr ' >\n<style type=\"text\/css\" data-created_by=\"avia_inline_auto\" id=\"style-css-av-br6uq-710874b3f4356ff751c2d32808e5a06a\">\n#top #wrap_all .avia-button.av-br6uq-710874b3f4356ff751c2d32808e5a06a{\nbackground-color:#ffffff;\nborder-color:#d73b00;\ncolor:#d73b00;\nborder-style:solid;\nborder-width:1px 1px 1px 1px;\ntransition:all 0.4s ease-in-out;\n-webkit-transition:all 0.4s ease-in-out;\n-moz-transition:all 0.4s ease-in-out;\n-ms-transition:all 0.4s ease-in-out;\n-o-transition:all 0.4s ease-in-out;\n}\n#top #wrap_all .avia-button.av-br6uq-710874b3f4356ff751c2d32808e5a06a:hover{\ncolor:white;\ntransition:all 0.4s ease-in-out;\n-webkit-transition:all 0.4s ease-in-out;\n-moz-transition:all 0.4s ease-in-out;\n-ms-transition:all 0.4s ease-in-out;\n-o-transition:all 0.4s ease-in-out;\n}\n<\/style>\n<a href='https:\/\/marangal.com\/en\/swim-short-2\/'  class='avia-button av-br6uq-710874b3f4356ff751c2d32808e5a06a avia-icon_select-no avia-size-large avia-position-center' ><span class='avia_iconbox_title' >SHORT<\/span><span class='avia_button_background avia-button avia-color-theme-color-highlight' ><\/span><\/a><\/div><br \/>\n\n<style type=\"text\/css\" data-created_by=\"avia_inline_auto\" id=\"style-css-av-10zay-8e267b3ca0cfa6f70ee10e566ce21e24\">\n#top .hr.hr-invisible.av-10zay-8e267b3ca0cfa6f70ee10e566ce21e24{\nheight:35px;\n}\n<\/style>\n<div  class='hr av-10zay-8e267b3ca0cfa6f70ee10e566ce21e24 hr-invisible  avia-builder-el-10  el_after_av_button  avia-builder-el-last '><span class='hr-inner '><span class=\"hr-inner-style\"><\/span><\/span><\/div><\/p><\/div><\/div><\/div><\/main><!-- close content main element --><\/div><\/div><div id='after_section_1'  class='main_color av_default_container_wrap container_wrap sidebar_right'  ><div class='container av-section-cont-open' ><div class='template-page content  av-content-small alpha units'><div class='post-entry post-entry-type-page post-entry-706'><div class='entry-content-wrapper clearfix'><section  class='av_textblock_section av-lxylft94-3ade86545631df729c58e07ef9b6b740'  itemscope=\"itemscope\" itemtype=\"https:\/\/schema.org\/CreativeWork\" ><div class='avia_textblock'  itemprop=\"text\" ><p><a href=\"http:\/\/amivarrodank.hu\/\" target=\"_blank\" rel=\"noopener\">By<\/a><\/p>\n<\/div><\/section><\/p>\n","protected":false},"excerpt":{"rendered":"","protected":false},"author":1,"featured_media":2069,"parent":0,"menu_order":0,"comment_status":"closed","ping_status":"closed","template":"","meta":{"footnotes":""},"class_list":["post-706","page","type-page","status-publish","has-post-thumbnail","hentry"],"yoast_head":"<!-- This site is optimized with the Yoast SEO Premium plugin v26.2 (Yoast SEO v27.5) - https:\/\/yoast.com\/product\/yoast-seo-premium-wordpress\/ -->\n<title>men - Marangal<\/title>\n<meta name=\"description\" content=\"Discover Marangal\u2019s men\u2019s swimwear! \u201eThat you don\u2019t want to take it off at all!\u201d\" \/>\n<meta name=\"robots\" content=\"index, follow, max-snippet:-1, max-image-preview:large, max-video-preview:-1\" \/>\n<link rel=\"canonical\" href=\"https:\/\/marangal.com\/en\/swim-pants\/\" \/>\n<meta property=\"og:locale\" content=\"en_US\" \/>\n<meta property=\"og:type\" content=\"article\" \/>\n<meta property=\"og:title\" content=\"men - Marangal\" \/>\n<meta property=\"og:description\" content=\"Discover Marangal\u2019s men\u2019s swimwear! \u201eThat you don\u2019t want to take it off at all!\u201d\" \/>\n<meta property=\"og:url\" content=\"https:\/\/marangal.com\/en\/swim-pants\/\" \/>\n<meta property=\"og:site_name\" content=\"Marangal\" \/>\n<meta property=\"article:publisher\" content=\"https:\/\/www.facebook.com\/marangalswimwear\" \/>\n<meta property=\"article:modified_time\" content=\"2024-08-23T14:21:15+00:00\" \/>\n<meta property=\"og:image\" content=\"https:\/\/marangal.com\/wp-content\/uploads\/2024\/06\/DECK-DSC01715-MINI.jpg\" \/>\n\t<meta property=\"og:image:width\" content=\"903\" \/>\n\t<meta property=\"og:image:height\" content=\"1355\" \/>\n\t<meta property=\"og:image:type\" content=\"image\/jpeg\" \/>\n<meta name=\"twitter:card\" content=\"summary_large_image\" \/>\n<meta name=\"twitter:label1\" content=\"Est. reading time\" \/>\n\t<meta name=\"twitter:data1\" content=\"3 minutes\" \/>\n<script type=\"application\/ld+json\" class=\"yoast-schema-graph\">{\"@context\":\"https:\\\/\\\/schema.org\",\"@graph\":[{\"@type\":\"WebPage\",\"@id\":\"https:\\\/\\\/marangal.com\\\/en\\\/swim-pants\\\/\",\"url\":\"https:\\\/\\\/marangal.com\\\/en\\\/swim-pants\\\/\",\"name\":\"men - Marangal\",\"isPartOf\":{\"@id\":\"https:\\\/\\\/marangal.com\\\/en\\\/#website\"},\"primaryImageOfPage\":{\"@id\":\"https:\\\/\\\/marangal.com\\\/en\\\/swim-pants\\\/#primaryimage\"},\"image\":{\"@id\":\"https:\\\/\\\/marangal.com\\\/en\\\/swim-pants\\\/#primaryimage\"},\"thumbnailUrl\":\"https:\\\/\\\/marangal.com\\\/wp-content\\\/uploads\\\/2024\\\/06\\\/DECK-DSC01715-MINI.jpg\",\"datePublished\":\"2022-06-20T08:05:33+00:00\",\"dateModified\":\"2024-08-23T14:21:15+00:00\",\"description\":\"Discover Marangal\u2019s men\u2019s swimwear! \u201eThat you don\u2019t want to take it off at all!\u201d\",\"inLanguage\":\"en-US\",\"potentialAction\":[{\"@type\":\"ReadAction\",\"target\":[\"https:\\\/\\\/marangal.com\\\/en\\\/swim-pants\\\/\"]}]},{\"@type\":\"ImageObject\",\"inLanguage\":\"en-US\",\"@id\":\"https:\\\/\\\/marangal.com\\\/en\\\/swim-pants\\\/#primaryimage\",\"url\":\"https:\\\/\\\/marangal.com\\\/wp-content\\\/uploads\\\/2024\\\/06\\\/DECK-DSC01715-MINI.jpg\",\"contentUrl\":\"https:\\\/\\\/marangal.com\\\/wp-content\\\/uploads\\\/2024\\\/06\\\/DECK-DSC01715-MINI.jpg\",\"width\":903,\"height\":1355,\"caption\":\"MARANGAL DECK F\u00c9RFI SHORT\"},{\"@type\":\"WebSite\",\"@id\":\"https:\\\/\\\/marangal.com\\\/en\\\/#website\",\"url\":\"https:\\\/\\\/marangal.com\\\/en\\\/\",\"name\":\"Marangal\",\"description\":\"K\u00fcl\u00f6nleges F\u00e9rfi F\u00fcrd\u0151nadr\u00e1gok\",\"publisher\":{\"@id\":\"https:\\\/\\\/marangal.com\\\/en\\\/#organization\"},\"potentialAction\":[{\"@type\":\"SearchAction\",\"target\":{\"@type\":\"EntryPoint\",\"urlTemplate\":\"https:\\\/\\\/marangal.com\\\/en\\\/?s={search_term_string}\"},\"query-input\":{\"@type\":\"PropertyValueSpecification\",\"valueRequired\":true,\"valueName\":\"search_term_string\"}}],\"inLanguage\":\"en-US\"},{\"@type\":\"Organization\",\"@id\":\"https:\\\/\\\/marangal.com\\\/en\\\/#organization\",\"name\":\"Marangal\",\"url\":\"https:\\\/\\\/marangal.com\\\/en\\\/\",\"logo\":{\"@type\":\"ImageObject\",\"inLanguage\":\"en-US\",\"@id\":\"https:\\\/\\\/marangal.com\\\/en\\\/#\\\/schema\\\/logo\\\/image\\\/\",\"url\":\"https:\\\/\\\/marangal.com\\\/wp-content\\\/uploads\\\/2022\\\/06\\\/favicon.png\",\"contentUrl\":\"https:\\\/\\\/marangal.com\\\/wp-content\\\/uploads\\\/2022\\\/06\\\/favicon.png\",\"width\":60,\"height\":60,\"caption\":\"Marangal\"},\"image\":{\"@id\":\"https:\\\/\\\/marangal.com\\\/en\\\/#\\\/schema\\\/logo\\\/image\\\/\"},\"sameAs\":[\"https:\\\/\\\/www.facebook.com\\\/marangalswimwear\",\"https:\\\/\\\/www.tiktok.com\\\/@marangal_swimwear\",\"https:\\\/\\\/www.instagram.com\\\/marangal_swimwear\\\/\"]}]}<\/script>\n<!-- \/ Yoast SEO Premium plugin. -->","yoast_head_json":{"title":"men - Marangal","description":"Discover Marangal\u2019s men\u2019s swimwear! \u201eThat you don\u2019t want to take it off at all!\u201d","robots":{"index":"index","follow":"follow","max-snippet":"max-snippet:-1","max-image-preview":"max-image-preview:large","max-video-preview":"max-video-preview:-1"},"canonical":"https:\/\/marangal.com\/en\/swim-pants\/","og_locale":"en_US","og_type":"article","og_title":"men - Marangal","og_description":"Discover Marangal\u2019s men\u2019s swimwear! \u201eThat you don\u2019t want to take it off at all!\u201d","og_url":"https:\/\/marangal.com\/en\/swim-pants\/","og_site_name":"Marangal","article_publisher":"https:\/\/www.facebook.com\/marangalswimwear","article_modified_time":"2024-08-23T14:21:15+00:00","og_image":[{"width":903,"height":1355,"url":"https:\/\/marangal.com\/wp-content\/uploads\/2024\/06\/DECK-DSC01715-MINI.jpg","type":"image\/jpeg"}],"twitter_card":"summary_large_image","twitter_misc":{"Est. reading time":"3 minutes"},"schema":{"@context":"https:\/\/schema.org","@graph":[{"@type":"WebPage","@id":"https:\/\/marangal.com\/en\/swim-pants\/","url":"https:\/\/marangal.com\/en\/swim-pants\/","name":"men - Marangal","isPartOf":{"@id":"https:\/\/marangal.com\/en\/#website"},"primaryImageOfPage":{"@id":"https:\/\/marangal.com\/en\/swim-pants\/#primaryimage"},"image":{"@id":"https:\/\/marangal.com\/en\/swim-pants\/#primaryimage"},"thumbnailUrl":"https:\/\/marangal.com\/wp-content\/uploads\/2024\/06\/DECK-DSC01715-MINI.jpg","datePublished":"2022-06-20T08:05:33+00:00","dateModified":"2024-08-23T14:21:15+00:00","description":"Discover Marangal\u2019s men\u2019s swimwear! \u201eThat you don\u2019t want to take it off at all!\u201d","inLanguage":"en-US","potentialAction":[{"@type":"ReadAction","target":["https:\/\/marangal.com\/en\/swim-pants\/"]}]},{"@type":"ImageObject","inLanguage":"en-US","@id":"https:\/\/marangal.com\/en\/swim-pants\/#primaryimage","url":"https:\/\/marangal.com\/wp-content\/uploads\/2024\/06\/DECK-DSC01715-MINI.jpg","contentUrl":"https:\/\/marangal.com\/wp-content\/uploads\/2024\/06\/DECK-DSC01715-MINI.jpg","width":903,"height":1355,"caption":"MARANGAL DECK F\u00c9RFI SHORT"},{"@type":"WebSite","@id":"https:\/\/marangal.com\/en\/#website","url":"https:\/\/marangal.com\/en\/","name":"Marangal","description":"K\u00fcl\u00f6nleges F\u00e9rfi F\u00fcrd\u0151nadr\u00e1gok","publisher":{"@id":"https:\/\/marangal.com\/en\/#organization"},"potentialAction":[{"@type":"SearchAction","target":{"@type":"EntryPoint","urlTemplate":"https:\/\/marangal.com\/en\/?s={search_term_string}"},"query-input":{"@type":"PropertyValueSpecification","valueRequired":true,"valueName":"search_term_string"}}],"inLanguage":"en-US"},{"@type":"Organization","@id":"https:\/\/marangal.com\/en\/#organization","name":"Marangal","url":"https:\/\/marangal.com\/en\/","logo":{"@type":"ImageObject","inLanguage":"en-US","@id":"https:\/\/marangal.com\/en\/#\/schema\/logo\/image\/","url":"https:\/\/marangal.com\/wp-content\/uploads\/2022\/06\/favicon.png","contentUrl":"https:\/\/marangal.com\/wp-content\/uploads\/2022\/06\/favicon.png","width":60,"height":60,"caption":"Marangal"},"image":{"@id":"https:\/\/marangal.com\/en\/#\/schema\/logo\/image\/"},"sameAs":["https:\/\/www.facebook.com\/marangalswimwear","https:\/\/www.tiktok.com\/@marangal_swimwear","https:\/\/www.instagram.com\/marangal_swimwear\/"]}]}},"_links":{"self":[{"href":"https:\/\/marangal.com\/en\/wp-json\/wp\/v2\/pages\/706","targetHints":{"allow":["GET"]}}],"collection":[{"href":"https:\/\/marangal.com\/en\/wp-json\/wp\/v2\/pages"}],"about":[{"href":"https:\/\/marangal.com\/en\/wp-json\/wp\/v2\/types\/page"}],"author":[{"embeddable":true,"href":"https:\/\/marangal.com\/en\/wp-json\/wp\/v2\/users\/1"}],"replies":[{"embeddable":true,"href":"https:\/\/marangal.com\/en\/wp-json\/wp\/v2\/comments?post=706"}],"version-history":[{"count":10,"href":"https:\/\/marangal.com\/en\/wp-json\/wp\/v2\/pages\/706\/revisions"}],"predecessor-version":[{"id":2477,"href":"https:\/\/marangal.com\/en\/wp-json\/wp\/v2\/pages\/706\/revisions\/2477"}],"wp:featuredmedia":[{"embeddable":true,"href":"https:\/\/marangal.com\/en\/wp-json\/wp\/v2\/media\/2069"}],"wp:attachment":[{"href":"https:\/\/marangal.com\/en\/wp-json\/wp\/v2\/media?parent=706"}],"curies":[{"name":"wp","href":"https:\/\/api.w.org\/{rel}","templated":true}]}}