{"id":1866,"date":"2024-06-23T21:37:24","date_gmt":"2024-06-23T19:37:24","guid":{"rendered":"https:\/\/marangal.com\/?post_type=product&#038;p=1866"},"modified":"2024-08-22T21:47:48","modified_gmt":"2024-08-22T19:47:48","slug":"mens-swim-short-tanker-short","status":"publish","type":"product","link":"https:\/\/marangal.com\/en\/termek\/mens-swim-short-tanker-short\/","title":{"rendered":"Men&#8217;s swim short &#8211; TANKER &#8211; short"},"content":{"rendered":"<p>&nbsp;<\/p>\n<p>&nbsp;<\/p>\n","protected":false},"excerpt":{"rendered":"<p style=\"text-align: left;\"><span style=\"color: #d73b00;\"><strong>Free delivery for purchases over 25 000 HUF<br \/>\n<\/strong><\/span><\/p>\n<p style=\"text-align: left;\"><span style=\"vertical-align: inherit;\"><span style=\"vertical-align: inherit;\"><span style=\"vertical-align: inherit;\"><span style=\"vertical-align: inherit;\">[av_font_icon icon=\"ue81f\" font=\"entypo-fontello\" style=\"\" caption=\"\" size=\"15px\" position=\"left\" color=\"d73b00\" link=\"\" linktarget=\"\" sonar_effect_effect=\"\" szonar_effect_color=\"\" sonar_effect_duration=\"1\" sonar_effect_scale=\"\" sonar_effect_opac=\"0.5\" animation=\"\" id=\"\" custom_class=\"\" template_class=\"\" av_uid=\"\" sc_version=\"1.0\" admin_preview_bg=\"\"][\/av_font_icon] <\/span><\/span><\/span><\/span><a href=\"https:\/\/marangal.com\/altalanos-szerzodesi-feltetelek\/#aszf49\" target=\"_blank\" rel=\"noopener noreferrer\"><em><span style=\"color: #333333;\"><span style=\"vertical-align: inherit;\"><span style=\"vertical-align: inherit;\"><span style=\"vertical-align: inherit;\"><span style=\"vertical-align: inherit;\">Delivery conditions<\/span><\/span><\/span><\/span><\/span><\/em><\/a><\/p>\n<p><span style=\"vertical-align: inherit;\"><span style=\"vertical-align: inherit;\"><span style=\"vertical-align: inherit;\"><span style=\"vertical-align: inherit;\"><span style=\"vertical-align: inherit;\"><span style=\"vertical-align: inherit;\">[av_font_icon icon=\"ue834\" font=\"entypo-fontello\" style=\"\" caption=\"\" size=\"15px\" position=\"left\" color=\"d73b00\" link=\"\" linktarget=\"\" sonar_effect_effect=\"\" szonar_effect_color=\"\" sonar_effect_duration=\"1\" sonar_effect_scale=\"\" sonar_effect_opac=\"0.5\" animation=\"\" id=\"\" custom_class=\"\" template_class=\"\" av_uid=\"\" sc_version=\"1.0\" admin_preview_bg=\"\"][\/av_font_icon] <\/span><\/span><\/span><\/span><\/span><\/span><a href=\"https:\/\/marangal.com\/merettablazat\/\" target=\"_blank\" rel=\"noopener noreferrer\"><em><span style=\"color: #333333;\"><span style=\"vertical-align: inherit;\"><span style=\"vertical-align: inherit;\"><span style=\"vertical-align: inherit;\"><span style=\"vertical-align: inherit;\"><span style=\"vertical-align: inherit;\"><span style=\"vertical-align: inherit;\">size chart<\/span><\/span><\/span><\/span><\/span><\/span><\/span><\/em><\/a><\/p>\n","protected":false},"featured_media":2494,"comment_status":"closed","ping_status":"closed","template":"","meta":[],"product_brand":[],"product_cat":[58,48],"product_tag":[],"class_list":{"0":"post-1866","1":"product","2":"type-product","3":"status-publish","4":"has-post-thumbnail","6":"product_cat-short","7":"product_cat-swim-pants","9":"first","10":"instock","11":"purchasable","12":"product-type-variable"},"yoast_head":"<!-- This site is optimized with the Yoast SEO Premium plugin v26.2 (Yoast SEO v27.4) - https:\/\/yoast.com\/product\/yoast-seo-premium-wordpress\/ -->\n<title>Men&#039;s swim short - TANKER - short - Marangal<\/title>\n<meta name=\"description\" content=\"Fedezd fel a TANKER f\u00e9rfi f\u00fcrd\u0151nadr\u00e1got, ahol az egyedi minta \u00e9s a Marangal min\u0151s\u00e9g tal\u00e1lkoznak! \u201eThat you don\u2019t want to take it off at all!\u201d\" \/>\n<meta name=\"robots\" content=\"index, follow, max-snippet:-1, max-image-preview:large, max-video-preview:-1\" \/>\n<link rel=\"canonical\" href=\"https:\/\/marangal.com\/en\/termek\/mens-swim-short-tanker-short\/\" \/>\n<meta property=\"og:locale\" content=\"en_US\" \/>\n<meta property=\"og:type\" content=\"article\" \/>\n<meta property=\"og:title\" content=\"Men&#039;s swim short - TANKER - short - Marangal\" \/>\n<meta property=\"og:description\" content=\"Fedezd fel a TANKER f\u00e9rfi f\u00fcrd\u0151nadr\u00e1got, ahol az egyedi minta \u00e9s a Marangal min\u0151s\u00e9g tal\u00e1lkoznak! \u201eThat you don\u2019t want to take it off at all!\u201d\" \/>\n<meta property=\"og:url\" content=\"https:\/\/marangal.com\/en\/termek\/mens-swim-short-tanker-short\/\" \/>\n<meta property=\"og:site_name\" content=\"Marangal\" \/>\n<meta property=\"article:publisher\" content=\"https:\/\/www.facebook.com\/marangalswimwear\" \/>\n<meta property=\"article:modified_time\" content=\"2024-08-22T19:47:48+00:00\" \/>\n<meta property=\"og:image\" content=\"https:\/\/marangal.com\/wp-content\/uploads\/2024\/06\/TANKER-MINI-E-1-e1724786450321.png\" \/>\n\t<meta property=\"og:image:width\" content=\"1320\" \/>\n\t<meta property=\"og:image:height\" content=\"1320\" \/>\n\t<meta property=\"og:image:type\" content=\"image\/png\" \/>\n<meta name=\"twitter:card\" content=\"summary_large_image\" \/>\n<meta name=\"twitter:label1\" content=\"Availability\" \/>\n\t<meta name=\"twitter:data1\" content=\"In stock\" \/>\n<script type=\"application\/ld+json\" class=\"yoast-schema-graph\">{\"@context\":\"https:\\\/\\\/schema.org\",\"@graph\":[{\"@type\":\"WebPage\",\"@id\":\"https:\\\/\\\/marangal.com\\\/en\\\/termek\\\/mens-swim-short-tanker-short\\\/\",\"url\":\"https:\\\/\\\/marangal.com\\\/en\\\/termek\\\/mens-swim-short-tanker-short\\\/\",\"name\":\"Men's swim short - TANKER - short - Marangal\",\"isPartOf\":{\"@id\":\"https:\\\/\\\/marangal.com\\\/en\\\/#website\"},\"primaryImageOfPage\":{\"@id\":\"https:\\\/\\\/marangal.com\\\/en\\\/termek\\\/mens-swim-short-tanker-short\\\/#primaryimage\"},\"image\":{\"@id\":\"https:\\\/\\\/marangal.com\\\/en\\\/termek\\\/mens-swim-short-tanker-short\\\/#primaryimage\"},\"thumbnailUrl\":\"https:\\\/\\\/marangal.com\\\/wp-content\\\/uploads\\\/2024\\\/06\\\/TANKER-MINI-E-1-e1724786450321.png\",\"datePublished\":\"2024-06-23T19:37:24+00:00\",\"dateModified\":\"2024-08-22T19:47:48+00:00\",\"description\":\"Fedezd fel a TANKER f\u00e9rfi f\u00fcrd\u0151nadr\u00e1got, ahol az egyedi minta \u00e9s a Marangal min\u0151s\u00e9g tal\u00e1lkoznak! \u201eThat you don\u2019t want to take it off at all!\u201d\",\"breadcrumb\":{\"@id\":\"https:\\\/\\\/marangal.com\\\/en\\\/termek\\\/mens-swim-short-tanker-short\\\/#breadcrumb\"},\"inLanguage\":\"en-US\",\"potentialAction\":[{\"@type\":\"ReadAction\",\"target\":[\"https:\\\/\\\/marangal.com\\\/en\\\/termek\\\/mens-swim-short-tanker-short\\\/\"]}]},{\"@type\":\"ImageObject\",\"inLanguage\":\"en-US\",\"@id\":\"https:\\\/\\\/marangal.com\\\/en\\\/termek\\\/mens-swim-short-tanker-short\\\/#primaryimage\",\"url\":\"https:\\\/\\\/marangal.com\\\/wp-content\\\/uploads\\\/2024\\\/06\\\/TANKER-MINI-E-1-e1724786450321.png\",\"contentUrl\":\"https:\\\/\\\/marangal.com\\\/wp-content\\\/uploads\\\/2024\\\/06\\\/TANKER-MINI-E-1-e1724786450321.png\",\"width\":1320,\"height\":1320,\"caption\":\"F\u00e9rfi f\u00fcrd\u0151nadr\u00e1g - TANKER - short\"},{\"@type\":\"BreadcrumbList\",\"@id\":\"https:\\\/\\\/marangal.com\\\/en\\\/termek\\\/mens-swim-short-tanker-short\\\/#breadcrumb\",\"itemListElement\":[{\"@type\":\"ListItem\",\"position\":1,\"name\":\"Shop\",\"item\":\"https:\\\/\\\/marangal.com\\\/en\\\/shop\\\/\"},{\"@type\":\"ListItem\",\"position\":2,\"name\":\"Men&#8217;s swim short &#8211; TANKER &#8211; short\"}]},{\"@type\":\"WebSite\",\"@id\":\"https:\\\/\\\/marangal.com\\\/en\\\/#website\",\"url\":\"https:\\\/\\\/marangal.com\\\/en\\\/\",\"name\":\"Marangal\",\"description\":\"K\u00fcl\u00f6nleges F\u00e9rfi F\u00fcrd\u0151nadr\u00e1gok\",\"publisher\":{\"@id\":\"https:\\\/\\\/marangal.com\\\/en\\\/#organization\"},\"potentialAction\":[{\"@type\":\"SearchAction\",\"target\":{\"@type\":\"EntryPoint\",\"urlTemplate\":\"https:\\\/\\\/marangal.com\\\/en\\\/?s={search_term_string}\"},\"query-input\":{\"@type\":\"PropertyValueSpecification\",\"valueRequired\":true,\"valueName\":\"search_term_string\"}}],\"inLanguage\":\"en-US\"},{\"@type\":\"Organization\",\"@id\":\"https:\\\/\\\/marangal.com\\\/en\\\/#organization\",\"name\":\"Marangal\",\"url\":\"https:\\\/\\\/marangal.com\\\/en\\\/\",\"logo\":{\"@type\":\"ImageObject\",\"inLanguage\":\"en-US\",\"@id\":\"https:\\\/\\\/marangal.com\\\/en\\\/#\\\/schema\\\/logo\\\/image\\\/\",\"url\":\"https:\\\/\\\/marangal.com\\\/wp-content\\\/uploads\\\/2022\\\/06\\\/favicon.png\",\"contentUrl\":\"https:\\\/\\\/marangal.com\\\/wp-content\\\/uploads\\\/2022\\\/06\\\/favicon.png\",\"width\":60,\"height\":60,\"caption\":\"Marangal\"},\"image\":{\"@id\":\"https:\\\/\\\/marangal.com\\\/en\\\/#\\\/schema\\\/logo\\\/image\\\/\"},\"sameAs\":[\"https:\\\/\\\/www.facebook.com\\\/marangalswimwear\",\"https:\\\/\\\/www.tiktok.com\\\/@marangal_swimwear\",\"https:\\\/\\\/www.instagram.com\\\/marangal_swimwear\\\/\"]}]}<\/script>\n<meta property=\"og:availability\" content=\"instock\" \/>\n<meta property=\"product:availability\" content=\"instock\" \/>\n<meta property=\"product:condition\" content=\"new\" \/>\n<!-- \/ Yoast SEO Premium plugin. -->","yoast_head_json":{"title":"Men's swim short - TANKER - short - Marangal","description":"Fedezd fel a TANKER f\u00e9rfi f\u00fcrd\u0151nadr\u00e1got, ahol az egyedi minta \u00e9s a Marangal min\u0151s\u00e9g tal\u00e1lkoznak! \u201eThat you don\u2019t want to take it off at all!\u201d","robots":{"index":"index","follow":"follow","max-snippet":"max-snippet:-1","max-image-preview":"max-image-preview:large","max-video-preview":"max-video-preview:-1"},"canonical":"https:\/\/marangal.com\/en\/termek\/mens-swim-short-tanker-short\/","og_locale":"en_US","og_type":"article","og_title":"Men's swim short - TANKER - short - Marangal","og_description":"Fedezd fel a TANKER f\u00e9rfi f\u00fcrd\u0151nadr\u00e1got, ahol az egyedi minta \u00e9s a Marangal min\u0151s\u00e9g tal\u00e1lkoznak! \u201eThat you don\u2019t want to take it off at all!\u201d","og_url":"https:\/\/marangal.com\/en\/termek\/mens-swim-short-tanker-short\/","og_site_name":"Marangal","article_publisher":"https:\/\/www.facebook.com\/marangalswimwear","article_modified_time":"2024-08-22T19:47:48+00:00","og_image":[{"width":1320,"height":1320,"url":"https:\/\/marangal.com\/wp-content\/uploads\/2024\/06\/TANKER-MINI-E-1-e1724786450321.png","type":"image\/png"}],"twitter_card":"summary_large_image","twitter_misc":{"Availability":"In stock"},"schema":{"@context":"https:\/\/schema.org","@graph":[{"@type":"WebPage","@id":"https:\/\/marangal.com\/en\/termek\/mens-swim-short-tanker-short\/","url":"https:\/\/marangal.com\/en\/termek\/mens-swim-short-tanker-short\/","name":"Men's swim short - TANKER - short - Marangal","isPartOf":{"@id":"https:\/\/marangal.com\/en\/#website"},"primaryImageOfPage":{"@id":"https:\/\/marangal.com\/en\/termek\/mens-swim-short-tanker-short\/#primaryimage"},"image":{"@id":"https:\/\/marangal.com\/en\/termek\/mens-swim-short-tanker-short\/#primaryimage"},"thumbnailUrl":"https:\/\/marangal.com\/wp-content\/uploads\/2024\/06\/TANKER-MINI-E-1-e1724786450321.png","datePublished":"2024-06-23T19:37:24+00:00","dateModified":"2024-08-22T19:47:48+00:00","description":"Fedezd fel a TANKER f\u00e9rfi f\u00fcrd\u0151nadr\u00e1got, ahol az egyedi minta \u00e9s a Marangal min\u0151s\u00e9g tal\u00e1lkoznak! \u201eThat you don\u2019t want to take it off at all!\u201d","breadcrumb":{"@id":"https:\/\/marangal.com\/en\/termek\/mens-swim-short-tanker-short\/#breadcrumb"},"inLanguage":"en-US","potentialAction":[{"@type":"ReadAction","target":["https:\/\/marangal.com\/en\/termek\/mens-swim-short-tanker-short\/"]}]},{"@type":"ImageObject","inLanguage":"en-US","@id":"https:\/\/marangal.com\/en\/termek\/mens-swim-short-tanker-short\/#primaryimage","url":"https:\/\/marangal.com\/wp-content\/uploads\/2024\/06\/TANKER-MINI-E-1-e1724786450321.png","contentUrl":"https:\/\/marangal.com\/wp-content\/uploads\/2024\/06\/TANKER-MINI-E-1-e1724786450321.png","width":1320,"height":1320,"caption":"F\u00e9rfi f\u00fcrd\u0151nadr\u00e1g - TANKER - short"},{"@type":"BreadcrumbList","@id":"https:\/\/marangal.com\/en\/termek\/mens-swim-short-tanker-short\/#breadcrumb","itemListElement":[{"@type":"ListItem","position":1,"name":"Shop","item":"https:\/\/marangal.com\/en\/shop\/"},{"@type":"ListItem","position":2,"name":"Men&#8217;s swim short &#8211; TANKER &#8211; short"}]},{"@type":"WebSite","@id":"https:\/\/marangal.com\/en\/#website","url":"https:\/\/marangal.com\/en\/","name":"Marangal","description":"K\u00fcl\u00f6nleges F\u00e9rfi F\u00fcrd\u0151nadr\u00e1gok","publisher":{"@id":"https:\/\/marangal.com\/en\/#organization"},"potentialAction":[{"@type":"SearchAction","target":{"@type":"EntryPoint","urlTemplate":"https:\/\/marangal.com\/en\/?s={search_term_string}"},"query-input":{"@type":"PropertyValueSpecification","valueRequired":true,"valueName":"search_term_string"}}],"inLanguage":"en-US"},{"@type":"Organization","@id":"https:\/\/marangal.com\/en\/#organization","name":"Marangal","url":"https:\/\/marangal.com\/en\/","logo":{"@type":"ImageObject","inLanguage":"en-US","@id":"https:\/\/marangal.com\/en\/#\/schema\/logo\/image\/","url":"https:\/\/marangal.com\/wp-content\/uploads\/2022\/06\/favicon.png","contentUrl":"https:\/\/marangal.com\/wp-content\/uploads\/2022\/06\/favicon.png","width":60,"height":60,"caption":"Marangal"},"image":{"@id":"https:\/\/marangal.com\/en\/#\/schema\/logo\/image\/"},"sameAs":["https:\/\/www.facebook.com\/marangalswimwear","https:\/\/www.tiktok.com\/@marangal_swimwear","https:\/\/www.instagram.com\/marangal_swimwear\/"]}]},"og_availability":"instock","product_availability":"instock","product_condition":"new"},"_links":{"self":[{"href":"https:\/\/marangal.com\/en\/wp-json\/wp\/v2\/product\/1866","targetHints":{"allow":["GET"]}}],"collection":[{"href":"https:\/\/marangal.com\/en\/wp-json\/wp\/v2\/product"}],"about":[{"href":"https:\/\/marangal.com\/en\/wp-json\/wp\/v2\/types\/product"}],"replies":[{"embeddable":true,"href":"https:\/\/marangal.com\/en\/wp-json\/wp\/v2\/comments?post=1866"}],"wp:featuredmedia":[{"embeddable":true,"href":"https:\/\/marangal.com\/en\/wp-json\/wp\/v2\/media\/2494"}],"wp:attachment":[{"href":"https:\/\/marangal.com\/en\/wp-json\/wp\/v2\/media?parent=1866"}],"wp:term":[{"taxonomy":"product_brand","embeddable":true,"href":"https:\/\/marangal.com\/en\/wp-json\/wp\/v2\/product_brand?post=1866"},{"taxonomy":"product_cat","embeddable":true,"href":"https:\/\/marangal.com\/en\/wp-json\/wp\/v2\/product_cat?post=1866"},{"taxonomy":"product_tag","embeddable":true,"href":"https:\/\/marangal.com\/en\/wp-json\/wp\/v2\/product_tag?post=1866"}],"curies":[{"name":"wp","href":"https:\/\/api.w.org\/{rel}","templated":true}]}}