{"id":1906,"date":"2024-06-23T22:15:03","date_gmt":"2024-06-23T20:15:03","guid":{"rendered":"https:\/\/marangal.com\/?post_type=product&#038;p=1906"},"modified":"2024-08-15T15:17:33","modified_gmt":"2024-08-15T13:17:33","slug":"womens-swimsuit-contour-one-piece","status":"publish","type":"product","link":"https:\/\/marangal.com\/en\/termek\/womens-swimsuit-contour-one-piece\/","title":{"rendered":"Women&#8217;s &#8211; CONTOUR &#8211; one-piece"},"content":{"rendered":"<h3>Elegance and comfort in one: the perfect one-piece swimsuit for women<\/h3>\n<p>Enter the world of Marangal with the one-piece CONTOUR swimsuit, which is not just a simple swimsuit, but also a real work of art. The elegance of the white base colour and the harmony of the contour colours together create a special piece that defies boredom and conventions.<\/p>\n<h3>One-piece swimsuit offering self-confidence and comfort<\/h3>\n<p>The CONTOUR one-piece swimsuit was designed to give every woman maximum comfort and confidence. The high quality, soft and stretchy material ensures that the swimsuit fits your body perfectly, while allowing free movement. The full inner lining guarantees discretion and added comfort, so you can only concentrate on sunbathing and enjoying the water<\/p>\n<h3>Durability and timelessness<\/h3>\n<p>The swimsuit is made with strong, durable thread and enduring seams. Thus you do not have to worry about everyday use or various water adventures. The patterns and colors are timeless, resistant to sunlight, chlorine and salt water, so the CONTOUR swimsuit retains its original beauty even after long use.<\/p>\n<h3>Unique patterns and colours<\/h3>\n<p>The unique colorful patterns are inspired by the vibrant forms of life, so each piece is unique and unrepeatable. Whether you are walking on the sandy beach or relaxing by the pool, the CONTOUR swimsuit is guaranteed to attract attention.<\/p>\n<h3>Practicality and style: Marangal swimwear in the sauna, too<\/h3>\n<p>The Marangal team paid special attention to ensure that our swimsuits be not only beautiful, but also practical. That is why the CONTOUR swimsuit is perfect not only on the beach, but also in the sauna, so you can shine in any situation.<\/p>\n<h3>Make your personality more colorful<\/h3>\n<p>Brighten up your personality and enjoy the comfort of Marangal CONTOUR swimsuit.<br \/>\nExperience the meeting of luxury and art and find the feeling that &#8220;You won&#8217;t even want to take off!&#8221; this swimsuit.<\/p>\n<ul>\n<li><a href=\"https:\/\/marangal.com\/anyagosszetetel\/\" target=\"_blank\" rel=\"noopener\">Content<\/a><\/li>\n<li><a href=\"https:\/\/marangal.com\/karbantartasi-tanacsok\/\" target=\"_blank\" rel=\"noopener\">Maintenance tips<\/a><\/li>\n<li><a href=\"https:\/\/marangal.com\/tesztek\/\" target=\"_blank\" rel=\"noopener\">Tests<\/a><\/li>\n<\/ul>\n<p>Don\u2019t stop here! Take a look at the other products of our range and find the perfect fit for your water adventures! Discover all our products!<\/p>\n<p><a href=\"https:\/\/marangal.com\/en\/termek\/womens-swimsuit-colours-one-piece\/\" target=\"_blank\" rel=\"noopener\">COLOURS <\/a><a href=\"https:\/\/marangal.com\/en\/termek\/womens-swimsuit-neon-one-piece\/\" target=\"_blank\" rel=\"noopener\">NEON <\/a><a href=\"https:\/\/marangal.com\/en\/termek\/womens-swimsuit-feather-one-piece\/\" target=\"_blank\" rel=\"noopener\">FEATHER<\/a>\u00a0<a href=\"https:\/\/marangal.com\/en\/termek\/women-swimsuit-blackberryes-one-piece\/\" target=\"_blank\" rel=\"noopener\">BLACKBERRYES\u00a0<\/a><a href=\"https:\/\/marangal.com\/en\/termek\/womens-swimsuit-prizm-one-piece\/\" target=\"_blank\" rel=\"noopener\">PRIZMA\u00a0<\/a><a href=\"https:\/\/marangal.com\/en\/termek\/womens-swimsuit-butterfly-one-piece\/\" target=\"_blank\" rel=\"noopener\">BUTTERFLY<\/a><\/p>\n<p><a href=\"http:\/\/amivarrodank.hu\/\" target=\"_blank\" rel=\"noopener\">BY<\/a><\/p>\n<p>&nbsp;<\/p>\n","protected":false},"excerpt":{"rendered":"<p style=\"text-align: left;\"><span style=\"color: #d73b00;\"><strong>Free delivery for purchases over 25 000 HUF &lt;\/strong&gt;<\/strong><\/span><\/p>\n<p style=\"text-align: left;\">[av_font_icon icon=\"ue81f\" font=\"entypo-fontello\" style=\"\" caption=\"\" size=\"15px\" position=\"left\" color=\"d73b00\" link=\"\" linktarget=\"\" sonar_effect_effect=\"\" sonar_effect_color=\"\" sonar_effect_duration=\"1\" sonar_effect_scale=\"\" sonar_effect_opac=\"0.5\" animation=\"\" id=\"\" custom_class=\"\" template_class=\"\" av_uid=\"\" sc_version=\"1.0\" admin_preview_bg=\"\"][\/av_font_icon]<a href=\"https:\/\/marangal.com\/altalanos-szerzodesi-feltetelek\/#aszf49\" target=\"_blank\" rel=\"noopener noreferrer\"><em><span style=\"color: #333333;\">Delivery conditions<\/span><\/em><\/a><\/p>\n<p>[av_font_icon icon=\"ue834\" font=\"entypo-fontello\" style=\"\" caption=\"\" size=\"15px\" position=\"left\" color=\"d73b00\" link=\"\" linktarget=\"\" sonar_effect_effect=\"\" sonar_effect_color=\"\" sonar_effect_duration=\"1\" sonar_effect_scale=\"\" sonar_effect_opac=\"0.5\" animation=\"\" id=\"\" custom_class=\"\" template_class=\"\" av_uid=\"\" sc_version=\"1.0\" admin_preview_bg=\"\"][\/av_font_icon]<a href=\"https:\/\/marangal.com\/merettablazat-2\/\" target=\"_blank\" rel=\"noopener noreferrer\"><em><span style=\"color: #333333;\">size chart<\/span><\/em><\/a><\/p>\n","protected":false},"featured_media":2111,"comment_status":"closed","ping_status":"closed","template":"","meta":[],"product_brand":[],"product_cat":[62],"product_tag":[],"class_list":{"0":"post-1906","1":"product","2":"type-product","3":"status-publish","4":"has-post-thumbnail","6":"product_cat-swimsuit","8":"first","9":"instock","10":"purchasable","11":"product-type-variable"},"yoast_head":"<!-- This site is optimized with the Yoast SEO Premium plugin v26.2 (Yoast SEO v27.4) - https:\/\/yoast.com\/product\/yoast-seo-premium-wordpress\/ -->\n<title>Women&#039;s - CONTOUR - one-piece - Marangal<\/title>\n<meta name=\"description\" content=\"\ud83d\udce2Discover the Marangal women&#039;s one-piece CONTOUR swimsuit! \ud83c\udfca\u200d\u2640\ufe0fElegance, comfort and unique patterns all in one. A perfect choice!\ud83d\ude0e\" \/>\n<meta name=\"robots\" content=\"index, follow, max-snippet:-1, max-image-preview:large, max-video-preview:-1\" \/>\n<link rel=\"canonical\" href=\"https:\/\/marangal.com\/en\/termek\/womens-swimsuit-contour-one-piece\/\" \/>\n<meta property=\"og:locale\" content=\"en_US\" \/>\n<meta property=\"og:type\" content=\"article\" \/>\n<meta property=\"og:title\" content=\"Women&#039;s - CONTOUR - one-piece - Marangal\" \/>\n<meta property=\"og:description\" content=\"\ud83d\udce2Discover the Marangal women&#039;s one-piece CONTOUR swimsuit! \ud83c\udfca\u200d\u2640\ufe0fElegance, comfort and unique patterns all in one. A perfect choice!\ud83d\ude0e\" \/>\n<meta property=\"og:url\" content=\"https:\/\/marangal.com\/en\/termek\/womens-swimsuit-contour-one-piece\/\" \/>\n<meta property=\"og:site_name\" content=\"Marangal\" \/>\n<meta property=\"article:publisher\" content=\"https:\/\/www.facebook.com\/marangalswimwear\" \/>\n<meta property=\"article:modified_time\" content=\"2024-08-15T13:17:33+00:00\" \/>\n<meta property=\"og:image\" content=\"https:\/\/marangal.com\/wp-content\/uploads\/2024\/06\/CONTOURS-DSC01553-MINI.jpg\" \/>\n\t<meta property=\"og:image:width\" content=\"920\" \/>\n\t<meta property=\"og:image:height\" content=\"1380\" \/>\n\t<meta property=\"og:image:type\" content=\"image\/jpeg\" \/>\n<meta name=\"twitter:card\" content=\"summary_large_image\" \/>\n<meta name=\"twitter:label1\" content=\"Availability\" \/>\n\t<meta name=\"twitter:data1\" content=\"In stock\" \/>\n<script type=\"application\/ld+json\" class=\"yoast-schema-graph\">{\"@context\":\"https:\\\/\\\/schema.org\",\"@graph\":[{\"@type\":\"WebPage\",\"@id\":\"https:\\\/\\\/marangal.com\\\/en\\\/termek\\\/womens-swimsuit-contour-one-piece\\\/\",\"url\":\"https:\\\/\\\/marangal.com\\\/en\\\/termek\\\/womens-swimsuit-contour-one-piece\\\/\",\"name\":\"Women's - CONTOUR - one-piece - Marangal\",\"isPartOf\":{\"@id\":\"https:\\\/\\\/marangal.com\\\/en\\\/#website\"},\"primaryImageOfPage\":{\"@id\":\"https:\\\/\\\/marangal.com\\\/en\\\/termek\\\/womens-swimsuit-contour-one-piece\\\/#primaryimage\"},\"image\":{\"@id\":\"https:\\\/\\\/marangal.com\\\/en\\\/termek\\\/womens-swimsuit-contour-one-piece\\\/#primaryimage\"},\"thumbnailUrl\":\"https:\\\/\\\/marangal.com\\\/wp-content\\\/uploads\\\/2024\\\/06\\\/CONTOURS-DSC01553-MINI.jpg\",\"datePublished\":\"2024-06-23T20:15:03+00:00\",\"dateModified\":\"2024-08-15T13:17:33+00:00\",\"description\":\"\ud83d\udce2Discover the Marangal women's one-piece CONTOUR swimsuit! \ud83c\udfca\u200d\u2640\ufe0fElegance, comfort and unique patterns all in one. A perfect choice!\ud83d\ude0e\",\"breadcrumb\":{\"@id\":\"https:\\\/\\\/marangal.com\\\/en\\\/termek\\\/womens-swimsuit-contour-one-piece\\\/#breadcrumb\"},\"inLanguage\":\"en-US\",\"potentialAction\":[{\"@type\":\"ReadAction\",\"target\":[\"https:\\\/\\\/marangal.com\\\/en\\\/termek\\\/womens-swimsuit-contour-one-piece\\\/\"]}]},{\"@type\":\"ImageObject\",\"inLanguage\":\"en-US\",\"@id\":\"https:\\\/\\\/marangal.com\\\/en\\\/termek\\\/womens-swimsuit-contour-one-piece\\\/#primaryimage\",\"url\":\"https:\\\/\\\/marangal.com\\\/wp-content\\\/uploads\\\/2024\\\/06\\\/CONTOURS-DSC01553-MINI.jpg\",\"contentUrl\":\"https:\\\/\\\/marangal.com\\\/wp-content\\\/uploads\\\/2024\\\/06\\\/CONTOURS-DSC01553-MINI.jpg\",\"width\":920,\"height\":1380,\"caption\":\"MARANGAL CONTOURS women's one-piece swimsuit\"},{\"@type\":\"BreadcrumbList\",\"@id\":\"https:\\\/\\\/marangal.com\\\/en\\\/termek\\\/womens-swimsuit-contour-one-piece\\\/#breadcrumb\",\"itemListElement\":[{\"@type\":\"ListItem\",\"position\":1,\"name\":\"Shop\",\"item\":\"https:\\\/\\\/marangal.com\\\/en\\\/shop\\\/\"},{\"@type\":\"ListItem\",\"position\":2,\"name\":\"Women&#8217;s &#8211; CONTOUR &#8211; one-piece\"}]},{\"@type\":\"WebSite\",\"@id\":\"https:\\\/\\\/marangal.com\\\/en\\\/#website\",\"url\":\"https:\\\/\\\/marangal.com\\\/en\\\/\",\"name\":\"Marangal\",\"description\":\"K\u00fcl\u00f6nleges F\u00e9rfi F\u00fcrd\u0151nadr\u00e1gok\",\"publisher\":{\"@id\":\"https:\\\/\\\/marangal.com\\\/en\\\/#organization\"},\"potentialAction\":[{\"@type\":\"SearchAction\",\"target\":{\"@type\":\"EntryPoint\",\"urlTemplate\":\"https:\\\/\\\/marangal.com\\\/en\\\/?s={search_term_string}\"},\"query-input\":{\"@type\":\"PropertyValueSpecification\",\"valueRequired\":true,\"valueName\":\"search_term_string\"}}],\"inLanguage\":\"en-US\"},{\"@type\":\"Organization\",\"@id\":\"https:\\\/\\\/marangal.com\\\/en\\\/#organization\",\"name\":\"Marangal\",\"url\":\"https:\\\/\\\/marangal.com\\\/en\\\/\",\"logo\":{\"@type\":\"ImageObject\",\"inLanguage\":\"en-US\",\"@id\":\"https:\\\/\\\/marangal.com\\\/en\\\/#\\\/schema\\\/logo\\\/image\\\/\",\"url\":\"https:\\\/\\\/marangal.com\\\/wp-content\\\/uploads\\\/2022\\\/06\\\/favicon.png\",\"contentUrl\":\"https:\\\/\\\/marangal.com\\\/wp-content\\\/uploads\\\/2022\\\/06\\\/favicon.png\",\"width\":60,\"height\":60,\"caption\":\"Marangal\"},\"image\":{\"@id\":\"https:\\\/\\\/marangal.com\\\/en\\\/#\\\/schema\\\/logo\\\/image\\\/\"},\"sameAs\":[\"https:\\\/\\\/www.facebook.com\\\/marangalswimwear\",\"https:\\\/\\\/www.tiktok.com\\\/@marangal_swimwear\",\"https:\\\/\\\/www.instagram.com\\\/marangal_swimwear\\\/\"]}]}<\/script>\n<meta property=\"og:availability\" content=\"instock\" \/>\n<meta property=\"product:availability\" content=\"instock\" \/>\n<meta property=\"product:condition\" content=\"new\" \/>\n<!-- \/ Yoast SEO Premium plugin. -->","yoast_head_json":{"title":"Women's - CONTOUR - one-piece - Marangal","description":"\ud83d\udce2Discover the Marangal women's one-piece CONTOUR swimsuit! \ud83c\udfca\u200d\u2640\ufe0fElegance, comfort and unique patterns all in one. A perfect choice!\ud83d\ude0e","robots":{"index":"index","follow":"follow","max-snippet":"max-snippet:-1","max-image-preview":"max-image-preview:large","max-video-preview":"max-video-preview:-1"},"canonical":"https:\/\/marangal.com\/en\/termek\/womens-swimsuit-contour-one-piece\/","og_locale":"en_US","og_type":"article","og_title":"Women's - CONTOUR - one-piece - Marangal","og_description":"\ud83d\udce2Discover the Marangal women's one-piece CONTOUR swimsuit! \ud83c\udfca\u200d\u2640\ufe0fElegance, comfort and unique patterns all in one. A perfect choice!\ud83d\ude0e","og_url":"https:\/\/marangal.com\/en\/termek\/womens-swimsuit-contour-one-piece\/","og_site_name":"Marangal","article_publisher":"https:\/\/www.facebook.com\/marangalswimwear","article_modified_time":"2024-08-15T13:17:33+00:00","og_image":[{"width":920,"height":1380,"url":"https:\/\/marangal.com\/wp-content\/uploads\/2024\/06\/CONTOURS-DSC01553-MINI.jpg","type":"image\/jpeg"}],"twitter_card":"summary_large_image","twitter_misc":{"Availability":"In stock"},"schema":{"@context":"https:\/\/schema.org","@graph":[{"@type":"WebPage","@id":"https:\/\/marangal.com\/en\/termek\/womens-swimsuit-contour-one-piece\/","url":"https:\/\/marangal.com\/en\/termek\/womens-swimsuit-contour-one-piece\/","name":"Women's - CONTOUR - one-piece - Marangal","isPartOf":{"@id":"https:\/\/marangal.com\/en\/#website"},"primaryImageOfPage":{"@id":"https:\/\/marangal.com\/en\/termek\/womens-swimsuit-contour-one-piece\/#primaryimage"},"image":{"@id":"https:\/\/marangal.com\/en\/termek\/womens-swimsuit-contour-one-piece\/#primaryimage"},"thumbnailUrl":"https:\/\/marangal.com\/wp-content\/uploads\/2024\/06\/CONTOURS-DSC01553-MINI.jpg","datePublished":"2024-06-23T20:15:03+00:00","dateModified":"2024-08-15T13:17:33+00:00","description":"\ud83d\udce2Discover the Marangal women's one-piece CONTOUR swimsuit! \ud83c\udfca\u200d\u2640\ufe0fElegance, comfort and unique patterns all in one. A perfect choice!\ud83d\ude0e","breadcrumb":{"@id":"https:\/\/marangal.com\/en\/termek\/womens-swimsuit-contour-one-piece\/#breadcrumb"},"inLanguage":"en-US","potentialAction":[{"@type":"ReadAction","target":["https:\/\/marangal.com\/en\/termek\/womens-swimsuit-contour-one-piece\/"]}]},{"@type":"ImageObject","inLanguage":"en-US","@id":"https:\/\/marangal.com\/en\/termek\/womens-swimsuit-contour-one-piece\/#primaryimage","url":"https:\/\/marangal.com\/wp-content\/uploads\/2024\/06\/CONTOURS-DSC01553-MINI.jpg","contentUrl":"https:\/\/marangal.com\/wp-content\/uploads\/2024\/06\/CONTOURS-DSC01553-MINI.jpg","width":920,"height":1380,"caption":"MARANGAL CONTOURS women's one-piece swimsuit"},{"@type":"BreadcrumbList","@id":"https:\/\/marangal.com\/en\/termek\/womens-swimsuit-contour-one-piece\/#breadcrumb","itemListElement":[{"@type":"ListItem","position":1,"name":"Shop","item":"https:\/\/marangal.com\/en\/shop\/"},{"@type":"ListItem","position":2,"name":"Women&#8217;s &#8211; CONTOUR &#8211; one-piece"}]},{"@type":"WebSite","@id":"https:\/\/marangal.com\/en\/#website","url":"https:\/\/marangal.com\/en\/","name":"Marangal","description":"K\u00fcl\u00f6nleges F\u00e9rfi F\u00fcrd\u0151nadr\u00e1gok","publisher":{"@id":"https:\/\/marangal.com\/en\/#organization"},"potentialAction":[{"@type":"SearchAction","target":{"@type":"EntryPoint","urlTemplate":"https:\/\/marangal.com\/en\/?s={search_term_string}"},"query-input":{"@type":"PropertyValueSpecification","valueRequired":true,"valueName":"search_term_string"}}],"inLanguage":"en-US"},{"@type":"Organization","@id":"https:\/\/marangal.com\/en\/#organization","name":"Marangal","url":"https:\/\/marangal.com\/en\/","logo":{"@type":"ImageObject","inLanguage":"en-US","@id":"https:\/\/marangal.com\/en\/#\/schema\/logo\/image\/","url":"https:\/\/marangal.com\/wp-content\/uploads\/2022\/06\/favicon.png","contentUrl":"https:\/\/marangal.com\/wp-content\/uploads\/2022\/06\/favicon.png","width":60,"height":60,"caption":"Marangal"},"image":{"@id":"https:\/\/marangal.com\/en\/#\/schema\/logo\/image\/"},"sameAs":["https:\/\/www.facebook.com\/marangalswimwear","https:\/\/www.tiktok.com\/@marangal_swimwear","https:\/\/www.instagram.com\/marangal_swimwear\/"]}]},"og_availability":"instock","product_availability":"instock","product_condition":"new"},"_links":{"self":[{"href":"https:\/\/marangal.com\/en\/wp-json\/wp\/v2\/product\/1906","targetHints":{"allow":["GET"]}}],"collection":[{"href":"https:\/\/marangal.com\/en\/wp-json\/wp\/v2\/product"}],"about":[{"href":"https:\/\/marangal.com\/en\/wp-json\/wp\/v2\/types\/product"}],"replies":[{"embeddable":true,"href":"https:\/\/marangal.com\/en\/wp-json\/wp\/v2\/comments?post=1906"}],"wp:featuredmedia":[{"embeddable":true,"href":"https:\/\/marangal.com\/en\/wp-json\/wp\/v2\/media\/2111"}],"wp:attachment":[{"href":"https:\/\/marangal.com\/en\/wp-json\/wp\/v2\/media?parent=1906"}],"wp:term":[{"taxonomy":"product_brand","embeddable":true,"href":"https:\/\/marangal.com\/en\/wp-json\/wp\/v2\/product_brand?post=1906"},{"taxonomy":"product_cat","embeddable":true,"href":"https:\/\/marangal.com\/en\/wp-json\/wp\/v2\/product_cat?post=1906"},{"taxonomy":"product_tag","embeddable":true,"href":"https:\/\/marangal.com\/en\/wp-json\/wp\/v2\/product_tag?post=1906"}],"curies":[{"name":"wp","href":"https:\/\/api.w.org\/{rel}","templated":true}]}}