{"id":1926,"date":"2024-06-23T22:24:56","date_gmt":"2024-06-23T20:24:56","guid":{"rendered":"https:\/\/marangal.com\/?post_type=product&#038;p=1926"},"modified":"2024-08-22T21:26:41","modified_gmt":"2024-08-22T19:26:41","slug":"women-swimsuit-blackberryes-one-piece","status":"publish","type":"product","link":"https:\/\/marangal.com\/en\/termek\/women-swimsuit-blackberryes-one-piece\/","title":{"rendered":"Women&#8217;s swimsuit &#8211; BLACKBERRYES &#8211; one-piece"},"content":{"rendered":"<h3>Stylish and comfortable women&#8217;s one-piece swimsuit for women<\/h3>\n<p>If style and comfort are important to you, this women&#8217;s one-piece swimsuit is exactly for you. The combination of unique design and premium quality materials not only give you a fashionable look, but also years of comfort and durability. The basic colours of the Marangal BLACKBERRYES swimsuit are subtle, transitional grey and white, which create an elegant contrast. That will definitely make you stand out from the crowd.<\/p>\n<h3>Swimsuit inspired by nature<\/h3>\n<p>The pattern is nothing but blackberry branches with flowers and fruits, drawing inspiration from nature and from the beauty of life. The Marangal BLACKBERRYES women&#8217;s one-piece swimsuit swimsuit is not just a piece of clothing. It is a work of art whose colours and shapes become alive on you.<\/p>\n<h3>High quality women\u2019s one-piece swimsuit<\/h3>\n<p>Every detail of the Marangal BLACKBERRYES one-piece swimsuit is carefully designed and executed. The high-quality swimsuit material ensures soft and comfortable wear, while the full inner lining and the strong, durable thread guarantee durability and safety. The seams of the swimsuit are precisely crafted so that you do not have to worry about wear and tear.<\/p>\n<h3>Resistant swimsuit<\/h3>\n<p>The Marangal BLACKBERRYES women&#8217;s one-piece swimsuit is resistant to chlorine and salt water, and stands up to the challenges of the sun and the sauna. Wherever you are, in the pool, on the beach or in a wellness hotel, you will always feel self-confident in this swimsuit.<\/p>\n<h3>Unique and comfortable swimsuit<\/h3>\n<p>Join us in the world of Marangal and discover how you can make your everyday life even more colourful and comfortable. Choose Marangal BLACKBERRYES suit and feel yourself more special than ever before!<\/p>\n<ul>\n<li><a href=\"https:\/\/marangal.com\/en\/content\/\" target=\"_blank\" rel=\"noopener\">Content<\/a><\/li>\n<li><a href=\"https:\/\/marangal.com\/en\/maintenance-tips\/\" target=\"_blank\" rel=\"noopener\">Maintenance tips<\/a><\/li>\n<li><a href=\"https:\/\/marangal.com\/en\/tests\/\" target=\"_blank\" rel=\"noopener\">Tests<\/a><\/li>\n<\/ul>\n<p>Don\u2019t stop here! Take a look at the other products of our range and find the perfect fit for your water adventures! Discover all our products!<\/p>\n<p><a href=\"https:\/\/marangal.com\/en\/termek\/womens-swimsuit-neon-one-piece\/\">NEON\u00a0<\/a><a href=\"https:\/\/marangal.com\/en\/termek\/womens-swimsuit-colours-one-piece\/\" target=\"_blank\" rel=\"noopener\">COLOURS\u00a0<\/a><a href=\"https:\/\/marangal.com\/en\/termek\/womens-swimsuit-contour-one-piece\/\" target=\"_blank\" rel=\"noopener\">CONTOUR\u00a0<\/a><a href=\"https:\/\/marangal.com\/en\/termek\/womens-swimsuit-feather-one-piece\/\" target=\"_blank\" rel=\"noopener\">FEATHER<\/a>\u00a0<a href=\"https:\/\/marangal.com\/en\/termek\/women-swimsuit-blackberryes-one-piece\/\" target=\"_blank\" rel=\"noopener\">BLACKBERRYES\u00a0<\/a><a href=\"https:\/\/marangal.com\/en\/termek\/womens-swimsuit-prizm-one-piece\/\" target=\"_blank\" rel=\"noopener\">PRIZMA\u00a0<\/a><\/p>\n<p><a href=\"http:\/\/amivarrodank.hu\/\" target=\"_blank\" rel=\"noopener\">BY<\/a><\/p>\n","protected":false},"excerpt":{"rendered":"<p style=\"text-align: left;\">e=&#8221;color: #d73b00;&#8221;&gt;<strong>25 000 Ft feletti v\u00e1s\u00e1rl\u00e1s eset\u00e9n ingyenes sz\u00e1ll\u00edt\u00e1s! <\/strong><\/p>\n<p style=\"text-align: left;\">[av_font_icon icon=\"ue81f\" font=\"entypo-fontello\" style=\"\" caption=\"\" size=\"15px\" position=\"left\" color=\"d73b00\" link=\"\" linktarget=\"\" sonar_effect_effect=\"\" sonar_effect_color=\"\" sonar_effect_duration=\"1\" sonar_effect_scale=\"\" sonar_effect_opac=\"0.5\" animation=\"\" id=\"\" custom_class=\"\" template_class=\"\" av_uid=\"\" sc_version=\"1.0\" admin_preview_bg=\"\"][\/av_font_icon]<a href=\"https:\/\/marangal.com\/altalanos-szerzodesi-feltetelek\/#aszf49\" target=\"_blank\" rel=\"noopener noreferrer\"><em><span style=\"color: #333333;\">Delivery conditions&lt;\/span&gt;<\/span><\/em><\/a><\/p>\n<p>[av_font_icon icon=\"ue834\" font=\"entypo-fontello\" style=\"\" caption=\"\" size=\"15px\" position=\"left\" color=\"d73b00\" link=\"\" linktarget=\"\" sonar_effect_effect=\"\" sonar_effect_color=\"\" sonar_effect_duration=\"1\" sonar_effect_scale=\"\" sonar_effect_opac=\"0.5\" animation=\"\" id=\"\" custom_class=\"\" template_class=\"\" av_uid=\"\" sc_version=\"1.0\" admin_preview_bg=\"\"][\/av_font_icon]<a href=\"https:\/\/marangal.com\/merettablazat-2\/\" target=\"_blank\" rel=\"noopener noreferrer\"><em><span style=\"color: #333333;\">size chart<\/span><\/em><\/a><\/p>\n","protected":false},"featured_media":2120,"comment_status":"closed","ping_status":"closed","template":"","meta":[],"product_brand":[],"product_cat":[62],"product_tag":[],"class_list":{"0":"post-1926","1":"product","2":"type-product","3":"status-publish","4":"has-post-thumbnail","6":"product_cat-swimsuit","8":"first","9":"instock","10":"purchasable","11":"product-type-variable"},"yoast_head":"<!-- This site is optimized with the Yoast SEO Premium plugin v26.2 (Yoast SEO v27.4) - https:\/\/yoast.com\/product\/yoast-seo-premium-wordpress\/ -->\n<title>Women&#039;s swimsuit - BLACKBERRYES - one-piece - Marangal<\/title>\n<meta name=\"description\" content=\"\ud83d\udce2Discover the Marangal women&#039;s one-piece BLACKBERRYES swimsuit! \ud83c\udfca\u200d\u2640\ufe0fComfortable swimwear that will highlight your personality and style on the beach.\ud83d\ude0e\" \/>\n<meta name=\"robots\" content=\"index, follow, max-snippet:-1, max-image-preview:large, max-video-preview:-1\" \/>\n<link rel=\"canonical\" href=\"https:\/\/marangal.com\/en\/termek\/women-swimsuit-blackberryes-one-piece\/\" \/>\n<meta property=\"og:locale\" content=\"en_US\" \/>\n<meta property=\"og:type\" content=\"article\" \/>\n<meta property=\"og:title\" content=\"Women&#039;s swimsuit - BLACKBERRYES - one-piece - Marangal\" \/>\n<meta property=\"og:description\" content=\"\ud83d\udce2Discover the Marangal women&#039;s one-piece BLACKBERRYES swimsuit! \ud83c\udfca\u200d\u2640\ufe0fComfortable swimwear that will highlight your personality and style on the beach.\ud83d\ude0e\" \/>\n<meta property=\"og:url\" content=\"https:\/\/marangal.com\/en\/termek\/women-swimsuit-blackberryes-one-piece\/\" \/>\n<meta property=\"og:site_name\" content=\"Marangal\" \/>\n<meta property=\"article:publisher\" content=\"https:\/\/www.facebook.com\/marangalswimwear\" \/>\n<meta property=\"article:modified_time\" content=\"2024-08-22T19:26:41+00:00\" \/>\n<meta property=\"og:image\" content=\"https:\/\/marangal.com\/wp-content\/uploads\/2024\/06\/BLACKBERRIES-DSC01753-MINI.jpg\" \/>\n\t<meta property=\"og:image:width\" content=\"1380\" \/>\n\t<meta property=\"og:image:height\" content=\"920\" \/>\n\t<meta property=\"og:image:type\" content=\"image\/jpeg\" \/>\n<meta name=\"twitter:card\" content=\"summary_large_image\" \/>\n<meta name=\"twitter:label1\" content=\"Availability\" \/>\n\t<meta name=\"twitter:data1\" content=\"In stock\" \/>\n<script type=\"application\/ld+json\" class=\"yoast-schema-graph\">{\"@context\":\"https:\\\/\\\/schema.org\",\"@graph\":[{\"@type\":\"WebPage\",\"@id\":\"https:\\\/\\\/marangal.com\\\/en\\\/termek\\\/women-swimsuit-blackberryes-one-piece\\\/\",\"url\":\"https:\\\/\\\/marangal.com\\\/en\\\/termek\\\/women-swimsuit-blackberryes-one-piece\\\/\",\"name\":\"Women's swimsuit - BLACKBERRYES - one-piece - Marangal\",\"isPartOf\":{\"@id\":\"https:\\\/\\\/marangal.com\\\/en\\\/#website\"},\"primaryImageOfPage\":{\"@id\":\"https:\\\/\\\/marangal.com\\\/en\\\/termek\\\/women-swimsuit-blackberryes-one-piece\\\/#primaryimage\"},\"image\":{\"@id\":\"https:\\\/\\\/marangal.com\\\/en\\\/termek\\\/women-swimsuit-blackberryes-one-piece\\\/#primaryimage\"},\"thumbnailUrl\":\"https:\\\/\\\/marangal.com\\\/wp-content\\\/uploads\\\/2024\\\/06\\\/BLACKBERRIES-DSC01753-MINI.jpg\",\"datePublished\":\"2024-06-23T20:24:56+00:00\",\"dateModified\":\"2024-08-22T19:26:41+00:00\",\"description\":\"\ud83d\udce2Discover the Marangal women's one-piece BLACKBERRYES swimsuit! \ud83c\udfca\u200d\u2640\ufe0fComfortable swimwear that will highlight your personality and style on the beach.\ud83d\ude0e\",\"breadcrumb\":{\"@id\":\"https:\\\/\\\/marangal.com\\\/en\\\/termek\\\/women-swimsuit-blackberryes-one-piece\\\/#breadcrumb\"},\"inLanguage\":\"en-US\",\"potentialAction\":[{\"@type\":\"ReadAction\",\"target\":[\"https:\\\/\\\/marangal.com\\\/en\\\/termek\\\/women-swimsuit-blackberryes-one-piece\\\/\"]}]},{\"@type\":\"ImageObject\",\"inLanguage\":\"en-US\",\"@id\":\"https:\\\/\\\/marangal.com\\\/en\\\/termek\\\/women-swimsuit-blackberryes-one-piece\\\/#primaryimage\",\"url\":\"https:\\\/\\\/marangal.com\\\/wp-content\\\/uploads\\\/2024\\\/06\\\/BLACKBERRIES-DSC01753-MINI.jpg\",\"contentUrl\":\"https:\\\/\\\/marangal.com\\\/wp-content\\\/uploads\\\/2024\\\/06\\\/BLACKBERRIES-DSC01753-MINI.jpg\",\"width\":1380,\"height\":920,\"caption\":\"MARANGAL BLACKBERRYES women's one-piece swimsuit\"},{\"@type\":\"BreadcrumbList\",\"@id\":\"https:\\\/\\\/marangal.com\\\/en\\\/termek\\\/women-swimsuit-blackberryes-one-piece\\\/#breadcrumb\",\"itemListElement\":[{\"@type\":\"ListItem\",\"position\":1,\"name\":\"Shop\",\"item\":\"https:\\\/\\\/marangal.com\\\/en\\\/shop\\\/\"},{\"@type\":\"ListItem\",\"position\":2,\"name\":\"Women&#8217;s swimsuit &#8211; BLACKBERRYES &#8211; one-piece\"}]},{\"@type\":\"WebSite\",\"@id\":\"https:\\\/\\\/marangal.com\\\/en\\\/#website\",\"url\":\"https:\\\/\\\/marangal.com\\\/en\\\/\",\"name\":\"Marangal\",\"description\":\"K\u00fcl\u00f6nleges F\u00e9rfi F\u00fcrd\u0151nadr\u00e1gok\",\"publisher\":{\"@id\":\"https:\\\/\\\/marangal.com\\\/en\\\/#organization\"},\"potentialAction\":[{\"@type\":\"SearchAction\",\"target\":{\"@type\":\"EntryPoint\",\"urlTemplate\":\"https:\\\/\\\/marangal.com\\\/en\\\/?s={search_term_string}\"},\"query-input\":{\"@type\":\"PropertyValueSpecification\",\"valueRequired\":true,\"valueName\":\"search_term_string\"}}],\"inLanguage\":\"en-US\"},{\"@type\":\"Organization\",\"@id\":\"https:\\\/\\\/marangal.com\\\/en\\\/#organization\",\"name\":\"Marangal\",\"url\":\"https:\\\/\\\/marangal.com\\\/en\\\/\",\"logo\":{\"@type\":\"ImageObject\",\"inLanguage\":\"en-US\",\"@id\":\"https:\\\/\\\/marangal.com\\\/en\\\/#\\\/schema\\\/logo\\\/image\\\/\",\"url\":\"https:\\\/\\\/marangal.com\\\/wp-content\\\/uploads\\\/2022\\\/06\\\/favicon.png\",\"contentUrl\":\"https:\\\/\\\/marangal.com\\\/wp-content\\\/uploads\\\/2022\\\/06\\\/favicon.png\",\"width\":60,\"height\":60,\"caption\":\"Marangal\"},\"image\":{\"@id\":\"https:\\\/\\\/marangal.com\\\/en\\\/#\\\/schema\\\/logo\\\/image\\\/\"},\"sameAs\":[\"https:\\\/\\\/www.facebook.com\\\/marangalswimwear\",\"https:\\\/\\\/www.tiktok.com\\\/@marangal_swimwear\",\"https:\\\/\\\/www.instagram.com\\\/marangal_swimwear\\\/\"]}]}<\/script>\n<meta property=\"og:availability\" content=\"instock\" \/>\n<meta property=\"product:availability\" content=\"instock\" \/>\n<meta property=\"product:condition\" content=\"new\" \/>\n<!-- \/ Yoast SEO Premium plugin. -->","yoast_head_json":{"title":"Women's swimsuit - BLACKBERRYES - one-piece - Marangal","description":"\ud83d\udce2Discover the Marangal women's one-piece BLACKBERRYES swimsuit! \ud83c\udfca\u200d\u2640\ufe0fComfortable swimwear that will highlight your personality and style on the beach.\ud83d\ude0e","robots":{"index":"index","follow":"follow","max-snippet":"max-snippet:-1","max-image-preview":"max-image-preview:large","max-video-preview":"max-video-preview:-1"},"canonical":"https:\/\/marangal.com\/en\/termek\/women-swimsuit-blackberryes-one-piece\/","og_locale":"en_US","og_type":"article","og_title":"Women's swimsuit - BLACKBERRYES - one-piece - Marangal","og_description":"\ud83d\udce2Discover the Marangal women's one-piece BLACKBERRYES swimsuit! \ud83c\udfca\u200d\u2640\ufe0fComfortable swimwear that will highlight your personality and style on the beach.\ud83d\ude0e","og_url":"https:\/\/marangal.com\/en\/termek\/women-swimsuit-blackberryes-one-piece\/","og_site_name":"Marangal","article_publisher":"https:\/\/www.facebook.com\/marangalswimwear","article_modified_time":"2024-08-22T19:26:41+00:00","og_image":[{"width":1380,"height":920,"url":"https:\/\/marangal.com\/wp-content\/uploads\/2024\/06\/BLACKBERRIES-DSC01753-MINI.jpg","type":"image\/jpeg"}],"twitter_card":"summary_large_image","twitter_misc":{"Availability":"In stock"},"schema":{"@context":"https:\/\/schema.org","@graph":[{"@type":"WebPage","@id":"https:\/\/marangal.com\/en\/termek\/women-swimsuit-blackberryes-one-piece\/","url":"https:\/\/marangal.com\/en\/termek\/women-swimsuit-blackberryes-one-piece\/","name":"Women's swimsuit - BLACKBERRYES - one-piece - Marangal","isPartOf":{"@id":"https:\/\/marangal.com\/en\/#website"},"primaryImageOfPage":{"@id":"https:\/\/marangal.com\/en\/termek\/women-swimsuit-blackberryes-one-piece\/#primaryimage"},"image":{"@id":"https:\/\/marangal.com\/en\/termek\/women-swimsuit-blackberryes-one-piece\/#primaryimage"},"thumbnailUrl":"https:\/\/marangal.com\/wp-content\/uploads\/2024\/06\/BLACKBERRIES-DSC01753-MINI.jpg","datePublished":"2024-06-23T20:24:56+00:00","dateModified":"2024-08-22T19:26:41+00:00","description":"\ud83d\udce2Discover the Marangal women's one-piece BLACKBERRYES swimsuit! \ud83c\udfca\u200d\u2640\ufe0fComfortable swimwear that will highlight your personality and style on the beach.\ud83d\ude0e","breadcrumb":{"@id":"https:\/\/marangal.com\/en\/termek\/women-swimsuit-blackberryes-one-piece\/#breadcrumb"},"inLanguage":"en-US","potentialAction":[{"@type":"ReadAction","target":["https:\/\/marangal.com\/en\/termek\/women-swimsuit-blackberryes-one-piece\/"]}]},{"@type":"ImageObject","inLanguage":"en-US","@id":"https:\/\/marangal.com\/en\/termek\/women-swimsuit-blackberryes-one-piece\/#primaryimage","url":"https:\/\/marangal.com\/wp-content\/uploads\/2024\/06\/BLACKBERRIES-DSC01753-MINI.jpg","contentUrl":"https:\/\/marangal.com\/wp-content\/uploads\/2024\/06\/BLACKBERRIES-DSC01753-MINI.jpg","width":1380,"height":920,"caption":"MARANGAL BLACKBERRYES women's one-piece swimsuit"},{"@type":"BreadcrumbList","@id":"https:\/\/marangal.com\/en\/termek\/women-swimsuit-blackberryes-one-piece\/#breadcrumb","itemListElement":[{"@type":"ListItem","position":1,"name":"Shop","item":"https:\/\/marangal.com\/en\/shop\/"},{"@type":"ListItem","position":2,"name":"Women&#8217;s swimsuit &#8211; BLACKBERRYES &#8211; one-piece"}]},{"@type":"WebSite","@id":"https:\/\/marangal.com\/en\/#website","url":"https:\/\/marangal.com\/en\/","name":"Marangal","description":"K\u00fcl\u00f6nleges F\u00e9rfi F\u00fcrd\u0151nadr\u00e1gok","publisher":{"@id":"https:\/\/marangal.com\/en\/#organization"},"potentialAction":[{"@type":"SearchAction","target":{"@type":"EntryPoint","urlTemplate":"https:\/\/marangal.com\/en\/?s={search_term_string}"},"query-input":{"@type":"PropertyValueSpecification","valueRequired":true,"valueName":"search_term_string"}}],"inLanguage":"en-US"},{"@type":"Organization","@id":"https:\/\/marangal.com\/en\/#organization","name":"Marangal","url":"https:\/\/marangal.com\/en\/","logo":{"@type":"ImageObject","inLanguage":"en-US","@id":"https:\/\/marangal.com\/en\/#\/schema\/logo\/image\/","url":"https:\/\/marangal.com\/wp-content\/uploads\/2022\/06\/favicon.png","contentUrl":"https:\/\/marangal.com\/wp-content\/uploads\/2022\/06\/favicon.png","width":60,"height":60,"caption":"Marangal"},"image":{"@id":"https:\/\/marangal.com\/en\/#\/schema\/logo\/image\/"},"sameAs":["https:\/\/www.facebook.com\/marangalswimwear","https:\/\/www.tiktok.com\/@marangal_swimwear","https:\/\/www.instagram.com\/marangal_swimwear\/"]}]},"og_availability":"instock","product_availability":"instock","product_condition":"new"},"_links":{"self":[{"href":"https:\/\/marangal.com\/en\/wp-json\/wp\/v2\/product\/1926","targetHints":{"allow":["GET"]}}],"collection":[{"href":"https:\/\/marangal.com\/en\/wp-json\/wp\/v2\/product"}],"about":[{"href":"https:\/\/marangal.com\/en\/wp-json\/wp\/v2\/types\/product"}],"replies":[{"embeddable":true,"href":"https:\/\/marangal.com\/en\/wp-json\/wp\/v2\/comments?post=1926"}],"wp:featuredmedia":[{"embeddable":true,"href":"https:\/\/marangal.com\/en\/wp-json\/wp\/v2\/media\/2120"}],"wp:attachment":[{"href":"https:\/\/marangal.com\/en\/wp-json\/wp\/v2\/media?parent=1926"}],"wp:term":[{"taxonomy":"product_brand","embeddable":true,"href":"https:\/\/marangal.com\/en\/wp-json\/wp\/v2\/product_brand?post=1926"},{"taxonomy":"product_cat","embeddable":true,"href":"https:\/\/marangal.com\/en\/wp-json\/wp\/v2\/product_cat?post=1926"},{"taxonomy":"product_tag","embeddable":true,"href":"https:\/\/marangal.com\/en\/wp-json\/wp\/v2\/product_tag?post=1926"}],"curies":[{"name":"wp","href":"https:\/\/api.w.org\/{rel}","templated":true}]}}