{"id":1986,"date":"2024-06-23T22:40:42","date_gmt":"2024-06-23T20:40:42","guid":{"rendered":"https:\/\/marangal.com\/?post_type=product&#038;p=1986"},"modified":"2024-08-22T21:25:25","modified_gmt":"2024-08-22T19:25:25","slug":"womens-swimsuit-prizm-one-piece","status":"publish","type":"product","link":"https:\/\/marangal.com\/en\/termek\/womens-swimsuit-prizm-one-piece\/","title":{"rendered":"Women&#8217;s swimsuit &#8211; PRIZMA &#8211; one-piece"},"content":{"rendered":"<h3>The exciting world of colours and shapes<\/h3>\n<p>Let the colourful and unique pattern of the Marangal PRIZMA one-piece women&#8217;s swimsuit captivate you! The Marangal team has always strived to revolutionize the world of traditional and one colour swimwear. The PRIZMA model is a perfect example of this philosophy, as the unique, prism-like arrangement of green, blue and orange colours attracts the eyes, while the basic white colour suggests elegance and freshness.<\/p>\n<h3>Comfort and quality in every women\u2019s swimsuit<\/h3>\n<p>The Marangal swimsuit is not only beautiful, but also extremely comfortable. The high quality, soft and flexible material guarantees maximum comfort, whether you are sunbathing, swimming or active on the beach. Its full inner lining provides extra support and self-confidence, while the durable thread and sturdy seams ensure that your swimsuit retains its form and colours for a long time.<\/p>\n<h3>Elegance and style in every women&#8217;s swimwear<\/h3>\n<p>In the case of the PRIZMA women&#8217;s one-piece swimsuit, we also paid special attention to the details. The elegant cut lines and delicate elements are in perfect harmony with the colourful patterns, making this swimsuit the perfect choice for any occasion. Whether it is about a relaxing sunbath on the beach, an active swim in the pool or a relaxing time in the sauna, the swimsuit meets all needs.<\/p>\n<h3>Durability and fastness in all women&#8217;s swimwear<\/h3>\n<p>The Marangal swimsuit is not only stylish, but also extremely resistant. Its material is highly resistant to the harmful effects of sunlight, chlorine and salt water, thus you can be sure that your swimsuit will retain its bright colours and perfect condition for a long time.<\/p>\n<h3>Colourful and comfortable women\u2019s swimsuit<\/h3>\n<p>We are confident that the Marangal PRIZMA one-piece women&#8217;s swimsuit will help to make your personality even more colourful and bright. Wear it with pride and enjoy the comfort it offers, since &#8220;You will not even want to take off\u201d this swimsuit.<\/p>\n<ul>\n<li><a href=\"https:\/\/marangal.com\/anyagosszetetel\/\" target=\"_blank\" rel=\"noopener\">Content<\/a><\/li>\n<li><a href=\"https:\/\/marangal.com\/karbantartasi-tanacsok\/\" target=\"_blank\" rel=\"noopener\">Maintenance tips<\/a><\/li>\n<li><a href=\"https:\/\/marangal.com\/tesztek\/\" target=\"_blank\" rel=\"noopener\">Tests<\/a><\/li>\n<\/ul>\n<p>Don\u2019t stop here! Take a look at the other products of our range and find the perfect fit for your water adventures! Discover all our products! <a href=\"https:\/\/marangal.com\/termek\/noi-egyreszes-furdoruha\/\" target=\"_blank\" rel=\"noopener\"><span style=\"vertical-align: inherit;\"><span style=\"vertical-align: inherit;\">NEON <\/span><\/span><\/a><a href=\"https:\/\/marangal.com\/termek\/noi-furdoruha-colours-egyreszes\/\" target=\"_blank\" rel=\"noopener\"><span style=\"vertical-align: inherit;\"><span style=\"vertical-align: inherit;\"><span style=\"vertical-align: inherit;\">COLOURS <\/span><\/span><\/span><\/a><a href=\"https:\/\/marangal.com\/termek\/noi-furdoruha-contour-egyreszes\/\" target=\"_blank\" rel=\"noopener\"><span style=\"vertical-align: inherit;\"><span style=\"vertical-align: inherit;\"><span style=\"vertical-align: inherit;\">CONTOUR <\/span><\/span><\/span><\/a> <a href=\"https:\/\/marangal.com\/termek\/noi-furdoruha-feather-egyreszes\/\" target=\"_blank\" rel=\"noopener\"><span style=\"vertical-align: inherit;\"><span style=\"vertical-align: inherit;\"><span style=\"vertical-align: inherit;\">FEATHER <\/span><\/span><\/span><\/a> <a href=\"https:\/\/marangal.com\/termek\/noi-furdoruha-blackberryes-egyreszes\/\" target=\"_blank\" rel=\"noopener\"><span style=\"vertical-align: inherit;\"><span style=\"vertical-align: inherit;\"><span style=\"vertical-align: inherit;\">BLACKBERRIES <\/span><\/span><\/span><\/a><a href=\"https:\/\/marangal.com\/termek\/noi-furdoruha-butterfly-egyreszes\/\" target=\"_blank\" rel=\"noopener\"><span style=\"vertical-align: inherit;\"><span style=\"vertical-align: inherit;\"><span style=\"vertical-align: inherit;\">BUTTERFLY<\/span><\/span><\/span><\/a><\/p>\n<p>&nbsp;<\/p>\n<p><a href=\"http:\/\/amivarrodank.hu\/\" target=\"_blank\" rel=\"noopener\"><span style=\"vertical-align: inherit;\"><span style=\"vertical-align: inherit;\"><span style=\"vertical-align: inherit;\">BY<\/span><\/span><\/span><\/a><\/p>\n","protected":false},"excerpt":{"rendered":"<p style=\"text-align: left;\"><span style=\"color: #d73b00;\"><strong>Free delivery for purchases over 25 000 HUF <\/strong><\/span><\/p>\n<p style=\"text-align: left;\"><span style=\"vertical-align: inherit;\"><span style=\"vertical-align: inherit;\">[av_font_icon icon=\"ue81f\" font=\"entypo-fontello\" style=\"\" caption=\"\" size=\"15px\" position=\"left\" color=\"d73b00\" link=\"\" linktarget=\"\" sonar_effect_effect=\"\" szonar_effect_color=\"\" sonar_effect_duration=\"1\" sonar_effect_scale=\"\" sonar_effect_opac=\"0.5\" animation=\"\" id=\"\" custom_class=\"\" template_class=\"\" av_uid=\"\" sc_version=\"1.0\" admin_preview_bg=\"\"][\/av_font_icon] <\/span><\/span><a href=\"https:\/\/marangal.com\/altalanos-szerzodesi-feltetelek\/#aszf49\" target=\"_blank\" rel=\"noopener noreferrer\"><em><span style=\"color: #333333;\"><span style=\"vertical-align: inherit;\"><span style=\"vertical-align: inherit;\">Delivery conditions<\/span><\/span><\/span><\/em><\/a><\/p>\n<p><span style=\"vertical-align: inherit;\"><span style=\"vertical-align: inherit;\">[av_font_icon icon=\"ue834\" font=\"entypo-fontello\" style=\"\" caption=\"\" size=\"15px\" position=\"left\" color=\"d73b00\" link=\"\" linktarget=\"\" sonar_effect_effect=\"\" szonar_effect_color=\"\" sonar_effect_duration=\"1\" sonar_effect_scale=\"\" sonar_effect_opac=\"0.5\" animation=\"\" id=\"\" custom_class=\"\" template_class=\"\" av_uid=\"\" sc_version=\"1.0\" admin_preview_bg=\"\"][\/av_font_icon] <\/span><\/span><a href=\"https:\/\/marangal.com\/merettablazat-2\/\" target=\"_blank\" rel=\"noopener noreferrer\"><em><span style=\"color: #333333;\"><span style=\"vertical-align: inherit;\"><span style=\"vertical-align: inherit;\">size chart<\/span><\/span><\/span><\/em><\/a><\/p>\n","protected":false},"featured_media":2141,"comment_status":"closed","ping_status":"closed","template":"","meta":[],"product_brand":[],"product_cat":[62],"product_tag":[],"class_list":{"0":"post-1986","1":"product","2":"type-product","3":"status-publish","4":"has-post-thumbnail","6":"product_cat-swimsuit","8":"first","9":"instock","10":"purchasable","11":"product-type-variable"},"yoast_head":"<!-- This site is optimized with the Yoast SEO Premium plugin v26.2 (Yoast SEO v27.4) - https:\/\/yoast.com\/product\/yoast-seo-premium-wordpress\/ -->\n<title>Women&#039;s swimsuit - PRIZMA - one-piece - Marangal<\/title>\n<meta name=\"description\" content=\"Discover the Marangal PRIZMA one-piece women&#039;s swimsuit! Colorful prism-like pattern, comfort, quality and durability. Feel yourself special every moment!\" \/>\n<meta name=\"robots\" content=\"index, follow, max-snippet:-1, max-image-preview:large, max-video-preview:-1\" \/>\n<link rel=\"canonical\" href=\"https:\/\/marangal.com\/en\/termek\/womens-swimsuit-prizm-one-piece\/\" \/>\n<meta property=\"og:locale\" content=\"en_US\" \/>\n<meta property=\"og:type\" content=\"article\" \/>\n<meta property=\"og:title\" content=\"Women&#039;s swimsuit - PRIZMA - one-piece - Marangal\" \/>\n<meta property=\"og:description\" content=\"Discover the Marangal PRIZMA one-piece women&#039;s swimsuit! Colorful prism-like pattern, comfort, quality and durability. Feel yourself special every moment!\" \/>\n<meta property=\"og:url\" content=\"https:\/\/marangal.com\/en\/termek\/womens-swimsuit-prizm-one-piece\/\" \/>\n<meta property=\"og:site_name\" content=\"Marangal\" \/>\n<meta property=\"article:publisher\" content=\"https:\/\/www.facebook.com\/marangalswimwear\" \/>\n<meta property=\"article:modified_time\" content=\"2024-08-22T19:25:25+00:00\" \/>\n<meta property=\"og:image\" content=\"https:\/\/marangal.com\/wp-content\/uploads\/2024\/06\/PRIZMA-DSC02239-MINI.jpg\" \/>\n\t<meta property=\"og:image:width\" content=\"777\" \/>\n\t<meta property=\"og:image:height\" content=\"999\" \/>\n\t<meta property=\"og:image:type\" content=\"image\/jpeg\" \/>\n<meta name=\"twitter:card\" content=\"summary_large_image\" \/>\n<meta name=\"twitter:label1\" content=\"Availability\" \/>\n\t<meta name=\"twitter:data1\" content=\"In stock\" \/>\n<script type=\"application\/ld+json\" class=\"yoast-schema-graph\">{\"@context\":\"https:\\\/\\\/schema.org\",\"@graph\":[{\"@type\":\"WebPage\",\"@id\":\"https:\\\/\\\/marangal.com\\\/en\\\/termek\\\/womens-swimsuit-prizm-one-piece\\\/\",\"url\":\"https:\\\/\\\/marangal.com\\\/en\\\/termek\\\/womens-swimsuit-prizm-one-piece\\\/\",\"name\":\"Women's swimsuit - PRIZMA - one-piece - Marangal\",\"isPartOf\":{\"@id\":\"https:\\\/\\\/marangal.com\\\/en\\\/#website\"},\"primaryImageOfPage\":{\"@id\":\"https:\\\/\\\/marangal.com\\\/en\\\/termek\\\/womens-swimsuit-prizm-one-piece\\\/#primaryimage\"},\"image\":{\"@id\":\"https:\\\/\\\/marangal.com\\\/en\\\/termek\\\/womens-swimsuit-prizm-one-piece\\\/#primaryimage\"},\"thumbnailUrl\":\"https:\\\/\\\/marangal.com\\\/wp-content\\\/uploads\\\/2024\\\/06\\\/PRIZMA-DSC02239-MINI.jpg\",\"datePublished\":\"2024-06-23T20:40:42+00:00\",\"dateModified\":\"2024-08-22T19:25:25+00:00\",\"description\":\"Discover the Marangal PRIZMA one-piece women's swimsuit! Colorful prism-like pattern, comfort, quality and durability. Feel yourself special every moment!\",\"breadcrumb\":{\"@id\":\"https:\\\/\\\/marangal.com\\\/en\\\/termek\\\/womens-swimsuit-prizm-one-piece\\\/#breadcrumb\"},\"inLanguage\":\"en-US\",\"potentialAction\":[{\"@type\":\"ReadAction\",\"target\":[\"https:\\\/\\\/marangal.com\\\/en\\\/termek\\\/womens-swimsuit-prizm-one-piece\\\/\"]}]},{\"@type\":\"ImageObject\",\"inLanguage\":\"en-US\",\"@id\":\"https:\\\/\\\/marangal.com\\\/en\\\/termek\\\/womens-swimsuit-prizm-one-piece\\\/#primaryimage\",\"url\":\"https:\\\/\\\/marangal.com\\\/wp-content\\\/uploads\\\/2024\\\/06\\\/PRIZMA-DSC02239-MINI.jpg\",\"contentUrl\":\"https:\\\/\\\/marangal.com\\\/wp-content\\\/uploads\\\/2024\\\/06\\\/PRIZMA-DSC02239-MINI.jpg\",\"width\":777,\"height\":999,\"caption\":\"MARANGAL PRIZMA women's one-piece swimsuit\"},{\"@type\":\"BreadcrumbList\",\"@id\":\"https:\\\/\\\/marangal.com\\\/en\\\/termek\\\/womens-swimsuit-prizm-one-piece\\\/#breadcrumb\",\"itemListElement\":[{\"@type\":\"ListItem\",\"position\":1,\"name\":\"Shop\",\"item\":\"https:\\\/\\\/marangal.com\\\/en\\\/shop\\\/\"},{\"@type\":\"ListItem\",\"position\":2,\"name\":\"Women&#8217;s swimsuit &#8211; PRIZMA &#8211; one-piece\"}]},{\"@type\":\"WebSite\",\"@id\":\"https:\\\/\\\/marangal.com\\\/en\\\/#website\",\"url\":\"https:\\\/\\\/marangal.com\\\/en\\\/\",\"name\":\"Marangal\",\"description\":\"K\u00fcl\u00f6nleges F\u00e9rfi F\u00fcrd\u0151nadr\u00e1gok\",\"publisher\":{\"@id\":\"https:\\\/\\\/marangal.com\\\/en\\\/#organization\"},\"potentialAction\":[{\"@type\":\"SearchAction\",\"target\":{\"@type\":\"EntryPoint\",\"urlTemplate\":\"https:\\\/\\\/marangal.com\\\/en\\\/?s={search_term_string}\"},\"query-input\":{\"@type\":\"PropertyValueSpecification\",\"valueRequired\":true,\"valueName\":\"search_term_string\"}}],\"inLanguage\":\"en-US\"},{\"@type\":\"Organization\",\"@id\":\"https:\\\/\\\/marangal.com\\\/en\\\/#organization\",\"name\":\"Marangal\",\"url\":\"https:\\\/\\\/marangal.com\\\/en\\\/\",\"logo\":{\"@type\":\"ImageObject\",\"inLanguage\":\"en-US\",\"@id\":\"https:\\\/\\\/marangal.com\\\/en\\\/#\\\/schema\\\/logo\\\/image\\\/\",\"url\":\"https:\\\/\\\/marangal.com\\\/wp-content\\\/uploads\\\/2022\\\/06\\\/favicon.png\",\"contentUrl\":\"https:\\\/\\\/marangal.com\\\/wp-content\\\/uploads\\\/2022\\\/06\\\/favicon.png\",\"width\":60,\"height\":60,\"caption\":\"Marangal\"},\"image\":{\"@id\":\"https:\\\/\\\/marangal.com\\\/en\\\/#\\\/schema\\\/logo\\\/image\\\/\"},\"sameAs\":[\"https:\\\/\\\/www.facebook.com\\\/marangalswimwear\",\"https:\\\/\\\/www.tiktok.com\\\/@marangal_swimwear\",\"https:\\\/\\\/www.instagram.com\\\/marangal_swimwear\\\/\"]}]}<\/script>\n<meta property=\"og:availability\" content=\"instock\" \/>\n<meta property=\"product:availability\" content=\"instock\" \/>\n<meta property=\"product:condition\" content=\"new\" \/>\n<!-- \/ Yoast SEO Premium plugin. -->","yoast_head_json":{"title":"Women's swimsuit - PRIZMA - one-piece - Marangal","description":"Discover the Marangal PRIZMA one-piece women's swimsuit! Colorful prism-like pattern, comfort, quality and durability. Feel yourself special every moment!","robots":{"index":"index","follow":"follow","max-snippet":"max-snippet:-1","max-image-preview":"max-image-preview:large","max-video-preview":"max-video-preview:-1"},"canonical":"https:\/\/marangal.com\/en\/termek\/womens-swimsuit-prizm-one-piece\/","og_locale":"en_US","og_type":"article","og_title":"Women's swimsuit - PRIZMA - one-piece - Marangal","og_description":"Discover the Marangal PRIZMA one-piece women's swimsuit! Colorful prism-like pattern, comfort, quality and durability. Feel yourself special every moment!","og_url":"https:\/\/marangal.com\/en\/termek\/womens-swimsuit-prizm-one-piece\/","og_site_name":"Marangal","article_publisher":"https:\/\/www.facebook.com\/marangalswimwear","article_modified_time":"2024-08-22T19:25:25+00:00","og_image":[{"width":777,"height":999,"url":"https:\/\/marangal.com\/wp-content\/uploads\/2024\/06\/PRIZMA-DSC02239-MINI.jpg","type":"image\/jpeg"}],"twitter_card":"summary_large_image","twitter_misc":{"Availability":"In stock"},"schema":{"@context":"https:\/\/schema.org","@graph":[{"@type":"WebPage","@id":"https:\/\/marangal.com\/en\/termek\/womens-swimsuit-prizm-one-piece\/","url":"https:\/\/marangal.com\/en\/termek\/womens-swimsuit-prizm-one-piece\/","name":"Women's swimsuit - PRIZMA - one-piece - Marangal","isPartOf":{"@id":"https:\/\/marangal.com\/en\/#website"},"primaryImageOfPage":{"@id":"https:\/\/marangal.com\/en\/termek\/womens-swimsuit-prizm-one-piece\/#primaryimage"},"image":{"@id":"https:\/\/marangal.com\/en\/termek\/womens-swimsuit-prizm-one-piece\/#primaryimage"},"thumbnailUrl":"https:\/\/marangal.com\/wp-content\/uploads\/2024\/06\/PRIZMA-DSC02239-MINI.jpg","datePublished":"2024-06-23T20:40:42+00:00","dateModified":"2024-08-22T19:25:25+00:00","description":"Discover the Marangal PRIZMA one-piece women's swimsuit! Colorful prism-like pattern, comfort, quality and durability. Feel yourself special every moment!","breadcrumb":{"@id":"https:\/\/marangal.com\/en\/termek\/womens-swimsuit-prizm-one-piece\/#breadcrumb"},"inLanguage":"en-US","potentialAction":[{"@type":"ReadAction","target":["https:\/\/marangal.com\/en\/termek\/womens-swimsuit-prizm-one-piece\/"]}]},{"@type":"ImageObject","inLanguage":"en-US","@id":"https:\/\/marangal.com\/en\/termek\/womens-swimsuit-prizm-one-piece\/#primaryimage","url":"https:\/\/marangal.com\/wp-content\/uploads\/2024\/06\/PRIZMA-DSC02239-MINI.jpg","contentUrl":"https:\/\/marangal.com\/wp-content\/uploads\/2024\/06\/PRIZMA-DSC02239-MINI.jpg","width":777,"height":999,"caption":"MARANGAL PRIZMA women's one-piece swimsuit"},{"@type":"BreadcrumbList","@id":"https:\/\/marangal.com\/en\/termek\/womens-swimsuit-prizm-one-piece\/#breadcrumb","itemListElement":[{"@type":"ListItem","position":1,"name":"Shop","item":"https:\/\/marangal.com\/en\/shop\/"},{"@type":"ListItem","position":2,"name":"Women&#8217;s swimsuit &#8211; PRIZMA &#8211; one-piece"}]},{"@type":"WebSite","@id":"https:\/\/marangal.com\/en\/#website","url":"https:\/\/marangal.com\/en\/","name":"Marangal","description":"K\u00fcl\u00f6nleges F\u00e9rfi F\u00fcrd\u0151nadr\u00e1gok","publisher":{"@id":"https:\/\/marangal.com\/en\/#organization"},"potentialAction":[{"@type":"SearchAction","target":{"@type":"EntryPoint","urlTemplate":"https:\/\/marangal.com\/en\/?s={search_term_string}"},"query-input":{"@type":"PropertyValueSpecification","valueRequired":true,"valueName":"search_term_string"}}],"inLanguage":"en-US"},{"@type":"Organization","@id":"https:\/\/marangal.com\/en\/#organization","name":"Marangal","url":"https:\/\/marangal.com\/en\/","logo":{"@type":"ImageObject","inLanguage":"en-US","@id":"https:\/\/marangal.com\/en\/#\/schema\/logo\/image\/","url":"https:\/\/marangal.com\/wp-content\/uploads\/2022\/06\/favicon.png","contentUrl":"https:\/\/marangal.com\/wp-content\/uploads\/2022\/06\/favicon.png","width":60,"height":60,"caption":"Marangal"},"image":{"@id":"https:\/\/marangal.com\/en\/#\/schema\/logo\/image\/"},"sameAs":["https:\/\/www.facebook.com\/marangalswimwear","https:\/\/www.tiktok.com\/@marangal_swimwear","https:\/\/www.instagram.com\/marangal_swimwear\/"]}]},"og_availability":"instock","product_availability":"instock","product_condition":"new"},"_links":{"self":[{"href":"https:\/\/marangal.com\/en\/wp-json\/wp\/v2\/product\/1986","targetHints":{"allow":["GET"]}}],"collection":[{"href":"https:\/\/marangal.com\/en\/wp-json\/wp\/v2\/product"}],"about":[{"href":"https:\/\/marangal.com\/en\/wp-json\/wp\/v2\/types\/product"}],"replies":[{"embeddable":true,"href":"https:\/\/marangal.com\/en\/wp-json\/wp\/v2\/comments?post=1986"}],"wp:featuredmedia":[{"embeddable":true,"href":"https:\/\/marangal.com\/en\/wp-json\/wp\/v2\/media\/2141"}],"wp:attachment":[{"href":"https:\/\/marangal.com\/en\/wp-json\/wp\/v2\/media?parent=1986"}],"wp:term":[{"taxonomy":"product_brand","embeddable":true,"href":"https:\/\/marangal.com\/en\/wp-json\/wp\/v2\/product_brand?post=1986"},{"taxonomy":"product_cat","embeddable":true,"href":"https:\/\/marangal.com\/en\/wp-json\/wp\/v2\/product_cat?post=1986"},{"taxonomy":"product_tag","embeddable":true,"href":"https:\/\/marangal.com\/en\/wp-json\/wp\/v2\/product_tag?post=1986"}],"curies":[{"name":"wp","href":"https:\/\/api.w.org\/{rel}","templated":true}]}}