{"id":2006,"date":"2024-06-23T22:46:25","date_gmt":"2024-06-23T20:46:25","guid":{"rendered":"https:\/\/marangal.com\/?post_type=product&#038;p=2006"},"modified":"2024-08-22T21:25:09","modified_gmt":"2024-08-22T19:25:09","slug":"womens-swimsuit-neon-one-piece","status":"publish","type":"product","link":"https:\/\/marangal.com\/en\/termek\/womens-swimsuit-neon-one-piece\/","title":{"rendered":"Women&#8217;s swimsuit &#8211; NEON &#8211; one-piece"},"content":{"rendered":"<p>.. .Immerse yourself in the exciting world of colours and shapes with MARANGAL&#8217;s women\u2019s one-piece NEON swimsuit, made unique by nature-inspired patterns. This swimsuit features the dynamic combination of green, blue, black and white, colours arranged in different shapes that will for sure catch the eye and highlight the uniqueness of the wearer.<\/p>\n<h3>Comfort and quality in the design of women\u2019s one-piece swimsuit.<\/h3>\n<p>The NEON women\u2019s swimsuit focuses not only on the play of colours, but also on the comfort and functionality. It is made of high quality, soft and comfortable material that ensures maximum comfort during any aquatic adventure. Its full inner lining guarantees perfect support and discreet wear, while the strong, durable thread and sturdy seams ensure. That the swimsuit retains its original shape and beauty for a long time.<\/p>\n<h3>Premium one-piece swimsuit for women<\/h3>\n<p>The accessories that increase elegance and the meticulously crafted details make the MARANGAL NEON swimsuit a real premium piece. Thanks to the colour fastness of the swimsuit, it will not be damaged even by the most intense sunlight, chlorine, or salt water. You can safely wear it in the sauna or on sandy beach, as it is resistant to various environmental harms.<\/p>\n<h3>Self\u2013fulfilment in MARANGAL\u2019s women\u2019s one-piece swimsuit<\/h3>\n<p>When designing the MARANGAL NEON women&#8217;s one-piece swimsuit. The team paid attention to every small detail, so that the result would not be just a swimsuit. But a piece of dress that contributes to the wearer&#8217;s self-expression. This swimsuit is the perfect choice for those who love vibrant colours and creative patterns, while not wanting to make compromise as to comfort and quality.<\/p>\n<h3>Enjoy every moment of the summer in your one-piece swimsuit<\/h3>\n<p>Choose the MARANGAL\u2019s NEON women&#8217;s swimsuit and enjoy every moment of the summer with style and comfort. It is guaranteed that with this swimsuit you will be in the centre of attention, while you can confidently enjoy the joys of water and sun. Don&#8217;t hesitate, be a part of the colourful world of MARANGAL and discover what it feels like when a swimsuit is so comfortable that. \u201eYou don\u2019t want to take it off at all!\u201d<\/p>\n<ul>\n<li><a href=\"https:\/\/marangal.com\/en\/content\/\" target=\"_blank\" rel=\"noopener\">Content<\/a><\/li>\n<li><a href=\"https:\/\/marangal.com\/en\/maintenance-tips\/\" target=\"_blank\" rel=\"noopener\">Maintenance tips<\/a><\/li>\n<li><a href=\"https:\/\/marangal.com\/en\/tests\/\" target=\"_blank\" rel=\"noopener\">Tests<\/a><\/li>\n<\/ul>\n<p>Don\u2019t stop here! Take a look at the other products of our range and find the perfect fit for your water adventures! Discover all our products!<\/p>\n<p><a href=\"https:\/\/marangal.com\/en\/termek\/womens-swimsuit-colours-one-piece\/\" target=\"_blank\" rel=\"noopener\"><span style=\"vertical-align: inherit;\"><span style=\"vertical-align: inherit;\">COLOURS <\/span><\/span><\/a><a href=\"https:\/\/marangal.com\/en\/termek\/womens-swimsuit-contour-one-piece\/\" target=\"_blank\" rel=\"noopener\"><span style=\"vertical-align: inherit;\"><span style=\"vertical-align: inherit;\">CONTOUR <\/span><\/span><\/a><a href=\"https:\/\/marangal.com\/en\/termek\/womens-swimsuit-feather-one-piece\/\" target=\"_blank\" rel=\"noopener\"><span style=\"vertical-align: inherit;\"><span style=\"vertical-align: inherit;\">FEATHER<\/span><\/span><\/a> <a href=\"https:\/\/marangal.com\/en\/termek\/women-swimsuit-blackberryes-one-piece\/\" target=\"_blank\" rel=\"noopener\"><span style=\"vertical-align: inherit;\"><span style=\"vertical-align: inherit;\">BLACKBERRYES <\/span><\/span><\/a><a href=\"https:\/\/marangal.com\/en\/termek\/womens-swimsuit-prizm-one-piece\/\" target=\"_blank\" rel=\"noopener\"><span style=\"vertical-align: inherit;\"><span style=\"vertical-align: inherit;\">PRIZMA <\/span><\/span><\/a><a href=\"https:\/\/marangal.com\/en\/termek\/womens-swimsuit-butterfly-one-piece\/\" target=\"_blank\" rel=\"noopener\"><span style=\"vertical-align: inherit;\"><span style=\"vertical-align: inherit;\">BUTTERFLY<\/span><\/span><\/a><\/p>\n<p><a href=\"http:\/\/amivarrodank.hu\/\" target=\"_blank\" rel=\"noopener\"><span style=\"vertical-align: inherit;\"><span style=\"vertical-align: inherit;\">BY<\/span><\/span><\/a><\/p>\n","protected":false},"excerpt":{"rendered":"<p style=\"text-align: left;\"><span style=\"color: #d73b00;\"><strong>Free delivery for purchases over 25 000 HUF <\/strong><\/span><\/p>\n<p style=\"text-align: left;\"><span style=\"vertical-align: inherit;\"><span style=\"vertical-align: inherit;\">[av_font_icon icon=\"ue81f\" font=\"entypo-fontello\" style=\"\" caption=\"\" size=\"15px\" position=\"left\" color=\"d73b00\" link=\"\" linktarget=\"\" sonar_effect_effect=\"\" szonar_effect_color=\"\" sonar_effect_duration=\"1\" sonar_effect_scale=\"\" sonar_effect_opac=\"0.5\" animation=\"\" id=\"\" custom_class=\"\" template_class=\"\" av_uid=\"\" sc_version=\"1.0\" admin_preview_bg=\"\"][\/av_font_icon] <\/span><\/span><a href=\"https:\/\/marangal.com\/altalanos-szerzodesi-feltetelek\/#aszf49\" target=\"_blank\" rel=\"noopener noreferrer\"><em><span style=\"color: #333333;\"><span style=\"vertical-align: inherit;\"><span style=\"vertical-align: inherit;\">Delivery conditions<\/span><\/span><\/span><\/em><\/a><\/p>\n<p><span style=\"vertical-align: inherit;\"><span style=\"vertical-align: inherit;\">[av_font_icon icon=\"ue834\" font=\"entypo-fontello\" style=\"\" caption=\"\" size=\"15px\" position=\"left\" color=\"d73b00\" link=\"\" linktarget=\"\" sonar_effect_effect=\"\" szonar_effect_color=\"\" sonar_effect_duration=\"1\" sonar_effect_scale=\"\" sonar_effect_opac=\"0.5\" animation=\"\" id=\"\" custom_class=\"\" template_class=\"\" av_uid=\"\" sc_version=\"1.0\" admin_preview_bg=\"\"][\/av_font_icon] <\/span><\/span><a href=\"https:\/\/marangal.com\/merettablazat-2\/\" target=\"_blank\" rel=\"noopener noreferrer\"><em><span style=\"color: #333333;\"><span style=\"vertical-align: inherit;\"><span style=\"vertical-align: inherit;\">size chart<\/span><\/span><\/span><\/em><\/a><\/p>\n","protected":false},"featured_media":2145,"comment_status":"closed","ping_status":"closed","template":"","meta":[],"product_brand":[],"product_cat":[62],"product_tag":[],"class_list":{"0":"post-2006","1":"product","2":"type-product","3":"status-publish","4":"has-post-thumbnail","6":"product_cat-swimsuit","8":"first","9":"instock","10":"purchasable","11":"product-type-variable"},"yoast_head":"<!-- This site is optimized with the Yoast SEO Premium plugin v26.2 (Yoast SEO v27.4) - https:\/\/yoast.com\/product\/yoast-seo-premium-wordpress\/ -->\n<title>Marangal Women&#039;s swimsuit - NEON - one-piece<\/title>\n<meta name=\"description\" content=\"Discover Marangal\u2019s women\u2019s one-piece swimsuits! Comfortable and stylish design in green, blue, black and white colours to make you feel really special.\ud83d\ude0e\" \/>\n<meta name=\"robots\" content=\"index, follow, max-snippet:-1, max-image-preview:large, max-video-preview:-1\" \/>\n<link rel=\"canonical\" href=\"https:\/\/marangal.com\/en\/termek\/womens-swimsuit-neon-one-piece\/\" \/>\n<meta property=\"og:locale\" content=\"en_US\" \/>\n<meta property=\"og:type\" content=\"article\" \/>\n<meta property=\"og:title\" content=\"Marangal Women&#039;s swimsuit - NEON - one-piece\" \/>\n<meta property=\"og:description\" content=\"Discover Marangal\u2019s women\u2019s one-piece swimsuits! Comfortable and stylish design in green, blue, black and white colours to make you feel really special.\ud83d\ude0e\" \/>\n<meta property=\"og:url\" content=\"https:\/\/marangal.com\/en\/termek\/womens-swimsuit-neon-one-piece\/\" \/>\n<meta property=\"og:site_name\" content=\"Marangal\" \/>\n<meta property=\"article:publisher\" content=\"https:\/\/www.facebook.com\/marangalswimwear\" \/>\n<meta property=\"article:modified_time\" content=\"2024-08-22T19:25:09+00:00\" \/>\n<meta property=\"og:image\" content=\"https:\/\/marangal.com\/wp-content\/uploads\/2024\/06\/NEON-DSC02303-MINI.jpg\" \/>\n\t<meta property=\"og:image:width\" content=\"1111\" \/>\n\t<meta property=\"og:image:height\" content=\"1368\" \/>\n\t<meta property=\"og:image:type\" content=\"image\/jpeg\" \/>\n<meta name=\"twitter:card\" content=\"summary_large_image\" \/>\n<meta name=\"twitter:label1\" content=\"Availability\" \/>\n\t<meta name=\"twitter:data1\" content=\"In stock\" \/>\n<script type=\"application\/ld+json\" class=\"yoast-schema-graph\">{\"@context\":\"https:\\\/\\\/schema.org\",\"@graph\":[{\"@type\":\"WebPage\",\"@id\":\"https:\\\/\\\/marangal.com\\\/en\\\/termek\\\/womens-swimsuit-neon-one-piece\\\/\",\"url\":\"https:\\\/\\\/marangal.com\\\/en\\\/termek\\\/womens-swimsuit-neon-one-piece\\\/\",\"name\":\"Marangal Women's swimsuit - NEON - one-piece\",\"isPartOf\":{\"@id\":\"https:\\\/\\\/marangal.com\\\/en\\\/#website\"},\"primaryImageOfPage\":{\"@id\":\"https:\\\/\\\/marangal.com\\\/en\\\/termek\\\/womens-swimsuit-neon-one-piece\\\/#primaryimage\"},\"image\":{\"@id\":\"https:\\\/\\\/marangal.com\\\/en\\\/termek\\\/womens-swimsuit-neon-one-piece\\\/#primaryimage\"},\"thumbnailUrl\":\"https:\\\/\\\/marangal.com\\\/wp-content\\\/uploads\\\/2024\\\/06\\\/NEON-DSC02303-MINI.jpg\",\"datePublished\":\"2024-06-23T20:46:25+00:00\",\"dateModified\":\"2024-08-22T19:25:09+00:00\",\"description\":\"Discover Marangal\u2019s women\u2019s one-piece swimsuits! Comfortable and stylish design in green, blue, black and white colours to make you feel really special.\ud83d\ude0e\",\"breadcrumb\":{\"@id\":\"https:\\\/\\\/marangal.com\\\/en\\\/termek\\\/womens-swimsuit-neon-one-piece\\\/#breadcrumb\"},\"inLanguage\":\"en-US\",\"potentialAction\":[{\"@type\":\"ReadAction\",\"target\":[\"https:\\\/\\\/marangal.com\\\/en\\\/termek\\\/womens-swimsuit-neon-one-piece\\\/\"]}]},{\"@type\":\"ImageObject\",\"inLanguage\":\"en-US\",\"@id\":\"https:\\\/\\\/marangal.com\\\/en\\\/termek\\\/womens-swimsuit-neon-one-piece\\\/#primaryimage\",\"url\":\"https:\\\/\\\/marangal.com\\\/wp-content\\\/uploads\\\/2024\\\/06\\\/NEON-DSC02303-MINI.jpg\",\"contentUrl\":\"https:\\\/\\\/marangal.com\\\/wp-content\\\/uploads\\\/2024\\\/06\\\/NEON-DSC02303-MINI.jpg\",\"width\":1111,\"height\":1368,\"caption\":\"MARANGAL NEON women's swimsuit\"},{\"@type\":\"BreadcrumbList\",\"@id\":\"https:\\\/\\\/marangal.com\\\/en\\\/termek\\\/womens-swimsuit-neon-one-piece\\\/#breadcrumb\",\"itemListElement\":[{\"@type\":\"ListItem\",\"position\":1,\"name\":\"Shop\",\"item\":\"https:\\\/\\\/marangal.com\\\/en\\\/shop\\\/\"},{\"@type\":\"ListItem\",\"position\":2,\"name\":\"Women&#8217;s swimsuit &#8211; NEON &#8211; one-piece\"}]},{\"@type\":\"WebSite\",\"@id\":\"https:\\\/\\\/marangal.com\\\/en\\\/#website\",\"url\":\"https:\\\/\\\/marangal.com\\\/en\\\/\",\"name\":\"Marangal\",\"description\":\"K\u00fcl\u00f6nleges F\u00e9rfi F\u00fcrd\u0151nadr\u00e1gok\",\"publisher\":{\"@id\":\"https:\\\/\\\/marangal.com\\\/en\\\/#organization\"},\"potentialAction\":[{\"@type\":\"SearchAction\",\"target\":{\"@type\":\"EntryPoint\",\"urlTemplate\":\"https:\\\/\\\/marangal.com\\\/en\\\/?s={search_term_string}\"},\"query-input\":{\"@type\":\"PropertyValueSpecification\",\"valueRequired\":true,\"valueName\":\"search_term_string\"}}],\"inLanguage\":\"en-US\"},{\"@type\":\"Organization\",\"@id\":\"https:\\\/\\\/marangal.com\\\/en\\\/#organization\",\"name\":\"Marangal\",\"url\":\"https:\\\/\\\/marangal.com\\\/en\\\/\",\"logo\":{\"@type\":\"ImageObject\",\"inLanguage\":\"en-US\",\"@id\":\"https:\\\/\\\/marangal.com\\\/en\\\/#\\\/schema\\\/logo\\\/image\\\/\",\"url\":\"https:\\\/\\\/marangal.com\\\/wp-content\\\/uploads\\\/2022\\\/06\\\/favicon.png\",\"contentUrl\":\"https:\\\/\\\/marangal.com\\\/wp-content\\\/uploads\\\/2022\\\/06\\\/favicon.png\",\"width\":60,\"height\":60,\"caption\":\"Marangal\"},\"image\":{\"@id\":\"https:\\\/\\\/marangal.com\\\/en\\\/#\\\/schema\\\/logo\\\/image\\\/\"},\"sameAs\":[\"https:\\\/\\\/www.facebook.com\\\/marangalswimwear\",\"https:\\\/\\\/www.tiktok.com\\\/@marangal_swimwear\",\"https:\\\/\\\/www.instagram.com\\\/marangal_swimwear\\\/\"]}]}<\/script>\n<meta property=\"og:availability\" content=\"instock\" \/>\n<meta property=\"product:availability\" content=\"instock\" \/>\n<meta property=\"product:condition\" content=\"new\" \/>\n<!-- \/ Yoast SEO Premium plugin. -->","yoast_head_json":{"title":"Marangal Women's swimsuit - NEON - one-piece","description":"Discover Marangal\u2019s women\u2019s one-piece swimsuits! Comfortable and stylish design in green, blue, black and white colours to make you feel really special.\ud83d\ude0e","robots":{"index":"index","follow":"follow","max-snippet":"max-snippet:-1","max-image-preview":"max-image-preview:large","max-video-preview":"max-video-preview:-1"},"canonical":"https:\/\/marangal.com\/en\/termek\/womens-swimsuit-neon-one-piece\/","og_locale":"en_US","og_type":"article","og_title":"Marangal Women's swimsuit - NEON - one-piece","og_description":"Discover Marangal\u2019s women\u2019s one-piece swimsuits! Comfortable and stylish design in green, blue, black and white colours to make you feel really special.\ud83d\ude0e","og_url":"https:\/\/marangal.com\/en\/termek\/womens-swimsuit-neon-one-piece\/","og_site_name":"Marangal","article_publisher":"https:\/\/www.facebook.com\/marangalswimwear","article_modified_time":"2024-08-22T19:25:09+00:00","og_image":[{"width":1111,"height":1368,"url":"https:\/\/marangal.com\/wp-content\/uploads\/2024\/06\/NEON-DSC02303-MINI.jpg","type":"image\/jpeg"}],"twitter_card":"summary_large_image","twitter_misc":{"Availability":"In stock"},"schema":{"@context":"https:\/\/schema.org","@graph":[{"@type":"WebPage","@id":"https:\/\/marangal.com\/en\/termek\/womens-swimsuit-neon-one-piece\/","url":"https:\/\/marangal.com\/en\/termek\/womens-swimsuit-neon-one-piece\/","name":"Marangal Women's swimsuit - NEON - one-piece","isPartOf":{"@id":"https:\/\/marangal.com\/en\/#website"},"primaryImageOfPage":{"@id":"https:\/\/marangal.com\/en\/termek\/womens-swimsuit-neon-one-piece\/#primaryimage"},"image":{"@id":"https:\/\/marangal.com\/en\/termek\/womens-swimsuit-neon-one-piece\/#primaryimage"},"thumbnailUrl":"https:\/\/marangal.com\/wp-content\/uploads\/2024\/06\/NEON-DSC02303-MINI.jpg","datePublished":"2024-06-23T20:46:25+00:00","dateModified":"2024-08-22T19:25:09+00:00","description":"Discover Marangal\u2019s women\u2019s one-piece swimsuits! Comfortable and stylish design in green, blue, black and white colours to make you feel really special.\ud83d\ude0e","breadcrumb":{"@id":"https:\/\/marangal.com\/en\/termek\/womens-swimsuit-neon-one-piece\/#breadcrumb"},"inLanguage":"en-US","potentialAction":[{"@type":"ReadAction","target":["https:\/\/marangal.com\/en\/termek\/womens-swimsuit-neon-one-piece\/"]}]},{"@type":"ImageObject","inLanguage":"en-US","@id":"https:\/\/marangal.com\/en\/termek\/womens-swimsuit-neon-one-piece\/#primaryimage","url":"https:\/\/marangal.com\/wp-content\/uploads\/2024\/06\/NEON-DSC02303-MINI.jpg","contentUrl":"https:\/\/marangal.com\/wp-content\/uploads\/2024\/06\/NEON-DSC02303-MINI.jpg","width":1111,"height":1368,"caption":"MARANGAL NEON women's swimsuit"},{"@type":"BreadcrumbList","@id":"https:\/\/marangal.com\/en\/termek\/womens-swimsuit-neon-one-piece\/#breadcrumb","itemListElement":[{"@type":"ListItem","position":1,"name":"Shop","item":"https:\/\/marangal.com\/en\/shop\/"},{"@type":"ListItem","position":2,"name":"Women&#8217;s swimsuit &#8211; NEON &#8211; one-piece"}]},{"@type":"WebSite","@id":"https:\/\/marangal.com\/en\/#website","url":"https:\/\/marangal.com\/en\/","name":"Marangal","description":"K\u00fcl\u00f6nleges F\u00e9rfi F\u00fcrd\u0151nadr\u00e1gok","publisher":{"@id":"https:\/\/marangal.com\/en\/#organization"},"potentialAction":[{"@type":"SearchAction","target":{"@type":"EntryPoint","urlTemplate":"https:\/\/marangal.com\/en\/?s={search_term_string}"},"query-input":{"@type":"PropertyValueSpecification","valueRequired":true,"valueName":"search_term_string"}}],"inLanguage":"en-US"},{"@type":"Organization","@id":"https:\/\/marangal.com\/en\/#organization","name":"Marangal","url":"https:\/\/marangal.com\/en\/","logo":{"@type":"ImageObject","inLanguage":"en-US","@id":"https:\/\/marangal.com\/en\/#\/schema\/logo\/image\/","url":"https:\/\/marangal.com\/wp-content\/uploads\/2022\/06\/favicon.png","contentUrl":"https:\/\/marangal.com\/wp-content\/uploads\/2022\/06\/favicon.png","width":60,"height":60,"caption":"Marangal"},"image":{"@id":"https:\/\/marangal.com\/en\/#\/schema\/logo\/image\/"},"sameAs":["https:\/\/www.facebook.com\/marangalswimwear","https:\/\/www.tiktok.com\/@marangal_swimwear","https:\/\/www.instagram.com\/marangal_swimwear\/"]}]},"og_availability":"instock","product_availability":"instock","product_condition":"new"},"_links":{"self":[{"href":"https:\/\/marangal.com\/en\/wp-json\/wp\/v2\/product\/2006","targetHints":{"allow":["GET"]}}],"collection":[{"href":"https:\/\/marangal.com\/en\/wp-json\/wp\/v2\/product"}],"about":[{"href":"https:\/\/marangal.com\/en\/wp-json\/wp\/v2\/types\/product"}],"replies":[{"embeddable":true,"href":"https:\/\/marangal.com\/en\/wp-json\/wp\/v2\/comments?post=2006"}],"wp:featuredmedia":[{"embeddable":true,"href":"https:\/\/marangal.com\/en\/wp-json\/wp\/v2\/media\/2145"}],"wp:attachment":[{"href":"https:\/\/marangal.com\/en\/wp-json\/wp\/v2\/media?parent=2006"}],"wp:term":[{"taxonomy":"product_brand","embeddable":true,"href":"https:\/\/marangal.com\/en\/wp-json\/wp\/v2\/product_brand?post=2006"},{"taxonomy":"product_cat","embeddable":true,"href":"https:\/\/marangal.com\/en\/wp-json\/wp\/v2\/product_cat?post=2006"},{"taxonomy":"product_tag","embeddable":true,"href":"https:\/\/marangal.com\/en\/wp-json\/wp\/v2\/product_tag?post=2006"}],"curies":[{"name":"wp","href":"https:\/\/api.w.org\/{rel}","templated":true}]}}